{"id":21,"date":"2014-10-24T02:10:00","date_gmt":"2014-10-24T02:10:00","guid":{"rendered":"http:\/\/chugchilan.gob.ec\/cotopaxi\/?page_id=21"},"modified":"2025-03-10T12:43:14","modified_gmt":"2025-03-10T16:43:14","slug":"ultimas-noticias","status":"publish","type":"page","link":"https:\/\/chugchilan.gob.ec\/cotopaxi\/ultimas-noticias\/","title":{"rendered":"Construcci\u00f3n de Puente en sector el Sigue"},"content":{"rendered":"\t\t<div data-elementor-type=\"wp-page\" data-elementor-id=\"21\" class=\"elementor elementor-21\" data-elementor-settings=\"[]\">\n\t\t\t<div class=\"elementor-inner\">\n\t\t\t\t<div class=\"elementor-section-wrap\">\n\t\t\t\t\t\t\t<section class=\"elementor-element elementor-element-9a84be2 elementor-section-boxed elementor-section-height-default elementor-section-height-default elementor-section elementor-top-section\" data-id=\"9a84be2\" data-element_type=\"section\">\n\t\t\t\t\t\t<div class=\"elementor-container elementor-column-gap-default\">\n\t\t\t\t<div class=\"elementor-row\">\n\t\t\t\t<div class=\"elementor-element elementor-element-379f326 elementor-column elementor-col-100 elementor-top-column\" data-id=\"379f326\" data-element_type=\"column\">\n\t\t\t<div class=\"elementor-column-wrap  elementor-element-populated\">\n\t\t\t\t\t<div class=\"elementor-widget-wrap\">\n\t\t\t\t<div class=\"elementor-element elementor-element-e66df89 elementor-grid-3 elementor-grid-tablet-2 elementor-grid-mobile-1 elementor-posts--thumbnail-top elementor-card-shadow-yes elementor-posts__hover-gradient elementor-widget elementor-widget-posts\" data-id=\"e66df89\" data-element_type=\"widget\" data-settings=\"{&quot;cards_columns&quot;:&quot;3&quot;,&quot;cards_columns_tablet&quot;:&quot;2&quot;,&quot;cards_columns_mobile&quot;:&quot;1&quot;,&quot;cards_row_gap&quot;:{&quot;unit&quot;:&quot;px&quot;,&quot;size&quot;:35,&quot;sizes&quot;:[]}}\" data-widget_type=\"posts.cards\">\n\t\t\t\t<div class=\"elementor-widget-container\">\n\t\t\t\t\t<div class=\"elementor-posts-container elementor-posts elementor-posts--skin-cards elementor-grid\">\n\t\t\t\t<article class=\"elementor-post elementor-grid-item post-2442 post type-post status-publish format-standard has-post-thumbnail hentry category-s7-noticias\">\n\t\t\t<div class=\"elementor-post__card\">\n\t\t\t\t<a class=\"elementor-post__thumbnail__link\" href=\"https:\/\/chugchilan.gob.ec\/cotopaxi\/construccion-de-puente-en-sector-el-sigue\/\" >\n\t\t\t<div class=\"elementor-post__thumbnail\"><img loading=\"lazy\" decoding=\"async\" width=\"550\" height=\"411\" src=\"https:\/\/chugchilan.gob.ec\/cotopaxi\/wp-content\/uploads\/2025\/03\/Imagen-de-WhatsApp-2025-02-24-a-las-16.57.27_46f63a45-550x411.jpg\" class=\"attachment-medium size-medium\" alt=\"\" srcset=\"https:\/\/chugchilan.gob.ec\/cotopaxi\/wp-content\/uploads\/2025\/03\/Imagen-de-WhatsApp-2025-02-24-a-las-16.57.27_46f63a45-550x411.jpg 550w, https:\/\/chugchilan.gob.ec\/cotopaxi\/wp-content\/uploads\/2025\/03\/Imagen-de-WhatsApp-2025-02-24-a-las-16.57.27_46f63a45-1024x766.jpg 1024w, https:\/\/chugchilan.gob.ec\/cotopaxi\/wp-content\/uploads\/2025\/03\/Imagen-de-WhatsApp-2025-02-24-a-las-16.57.27_46f63a45-768x575.jpg 768w, https:\/\/chugchilan.gob.ec\/cotopaxi\/wp-content\/uploads\/2025\/03\/Imagen-de-WhatsApp-2025-02-24-a-las-16.57.27_46f63a45-1536x1149.jpg 1536w, https:\/\/chugchilan.gob.ec\/cotopaxi\/wp-content\/uploads\/2025\/03\/Imagen-de-WhatsApp-2025-02-24-a-las-16.57.27_46f63a45-2048x1532.jpg 2048w\" sizes=\"auto, (max-width: 550px) 100vw, 550px\" \/><\/div>\n\t\t<\/a>\n\t\t\t\t<div class=\"elementor-post__text\">\n\t\t\t\t<h3 class=\"elementor-post__title\">\n\t\t\t<a href=\"https:\/\/chugchilan.gob.ec\/cotopaxi\/construccion-de-puente-en-sector-el-sigue\/\" >\n\t\t\t\tConstrucci\u00f3n de Puente en sector el Sigue\t\t\t<\/a>\n\t\t<\/h3>\n\t\t\t\t<div class=\"elementor-post__excerpt\">\n\t\t\t<p>Trabajo mancomunado para la construcci\u00f3n del puente peatonal del sendero tur\u00edstico #Quilotoa #Loop #Quilotoa #Trail. Aportes La Prefectura de Cotopaxi Gad Chugchil\u00e1n La Operaci\u00f3n Mato<\/p>\n\t\t<\/div>\n\t\t\t\t\t<a class=\"elementor-post__read-more\" href=\"https:\/\/chugchilan.gob.ec\/cotopaxi\/construccion-de-puente-en-sector-el-sigue\/\" >\n\t\t\t\tleer m\u00e1s \u00bb\t\t\t<\/a>\n\t\t\t\t<\/div>\n\t\t\t\t<div class=\"elementor-post__meta-data\">\n\t\t\t\t\t<span class=\"elementor-post-date\">\n\t\t\t10 marzo, 2025\t\t<\/span>\n\t\t\t\t<\/div>\n\t\t\t\t\t<\/div>\n\t\t<\/article>\n\t\t\t\t<article class=\"elementor-post elementor-grid-item post-2426 post type-post status-publish format-standard has-post-thumbnail hentry category-sin-categoria\">\n\t\t\t<div class=\"elementor-post__card\">\n\t\t\t\t<a class=\"elementor-post__thumbnail__link\" href=\"https:\/\/chugchilan.gob.ec\/cotopaxi\/aguas-termales-de-yanayacu\/\" >\n\t\t\t<div class=\"elementor-post__thumbnail\"><img loading=\"lazy\" decoding=\"async\" width=\"550\" height=\"367\" src=\"https:\/\/chugchilan.gob.ec\/cotopaxi\/wp-content\/uploads\/2011\/05\/DSC08594-550x367.jpg\" class=\"attachment-medium size-medium\" alt=\"\" srcset=\"https:\/\/chugchilan.gob.ec\/cotopaxi\/wp-content\/uploads\/2011\/05\/DSC08594-550x367.jpg 550w, https:\/\/chugchilan.gob.ec\/cotopaxi\/wp-content\/uploads\/2011\/05\/DSC08594-1024x683.jpg 1024w, https:\/\/chugchilan.gob.ec\/cotopaxi\/wp-content\/uploads\/2011\/05\/DSC08594-768x512.jpg 768w, https:\/\/chugchilan.gob.ec\/cotopaxi\/wp-content\/uploads\/2011\/05\/DSC08594-1536x1024.jpg 1536w, https:\/\/chugchilan.gob.ec\/cotopaxi\/wp-content\/uploads\/2011\/05\/DSC08594-2048x1365.jpg 2048w\" sizes=\"auto, (max-width: 550px) 100vw, 550px\" \/><\/div>\n\t\t<\/a>\n\t\t\t\t<div class=\"elementor-post__text\">\n\t\t\t\t<h3 class=\"elementor-post__title\">\n\t\t\t<a href=\"https:\/\/chugchilan.gob.ec\/cotopaxi\/aguas-termales-de-yanayacu\/\" >\n\t\t\t\tAguas Termales de Yanayacu\t\t\t<\/a>\n\t\t<\/h3>\n\t\t\t\t<div class=\"elementor-post__excerpt\">\n\t\t\t<p>Se encuentra en la comunidad de Saraguasi, sector Yanayacu de la parroquia de Chugchil\u00e1n, se encuentra formado por un yacimiento de aguas subterr\u00e1neas propias de<\/p>\n\t\t<\/div>\n\t\t\t\t\t<a class=\"elementor-post__read-more\" href=\"https:\/\/chugchilan.gob.ec\/cotopaxi\/aguas-termales-de-yanayacu\/\" >\n\t\t\t\tleer m\u00e1s \u00bb\t\t\t<\/a>\n\t\t\t\t<\/div>\n\t\t\t\t<div class=\"elementor-post__meta-data\">\n\t\t\t\t\t<span class=\"elementor-post-date\">\n\t\t\t20 febrero, 2025\t\t<\/span>\n\t\t\t\t<\/div>\n\t\t\t\t\t<\/div>\n\t\t<\/article>\n\t\t\t\t<article class=\"elementor-post elementor-grid-item post-1903 post type-post status-publish format-standard hentry category-sin-categoria\">\n\t\t\t<div class=\"elementor-post__card\">\n\t\t\t\t<div class=\"elementor-post__text\">\n\t\t\t\t<h3 class=\"elementor-post__title\">\n\t\t\t<a href=\"https:\/\/chugchilan.gob.ec\/cotopaxi\/convocatoria-asamblea-del-presupuesto-participativo-2024\/\" >\n\t\t\t\tCONVOCATORIA: ASAMBLEA DEL PRESUPUESTO PARTICIPATIVO 2024\t\t\t<\/a>\n\t\t<\/h3>\n\t\t\t\t<div class=\"elementor-post__excerpt\">\n\t\t\t<p>CONVOCATORIA ASAMBLEA DEL PRESUPUESTO PARTICIPATIVO 2024<\/p>\n\t\t<\/div>\n\t\t\t\t\t<a class=\"elementor-post__read-more\" href=\"https:\/\/chugchilan.gob.ec\/cotopaxi\/convocatoria-asamblea-del-presupuesto-participativo-2024\/\" >\n\t\t\t\tleer m\u00e1s \u00bb\t\t\t<\/a>\n\t\t\t\t<\/div>\n\t\t\t\t<div class=\"elementor-post__meta-data\">\n\t\t\t\t\t<span class=\"elementor-post-date\">\n\t\t\t20 octubre, 2023\t\t<\/span>\n\t\t\t\t<\/div>\n\t\t\t\t\t<\/div>\n\t\t<\/article>\n\t\t\t\t<article class=\"elementor-post elementor-grid-item post-926 post type-post status-publish format-standard has-post-thumbnail hentry category-sin-categoria\">\n\t\t\t<div class=\"elementor-post__card\">\n\t\t\t\t<a class=\"elementor-post__thumbnail__link\" href=\"https:\/\/chugchilan.gob.ec\/cotopaxi\/convocatoria-tecnico-de-deporte\/\" >\n\t\t\t<div class=\"elementor-post__thumbnail\"><img loading=\"lazy\" decoding=\"async\" width=\"550\" height=\"251\" src=\"https:\/\/chugchilan.gob.ec\/cotopaxi\/wp-content\/uploads\/2021\/09\/chug-550x251.png\" class=\"attachment-medium size-medium\" alt=\"\" srcset=\"https:\/\/chugchilan.gob.ec\/cotopaxi\/wp-content\/uploads\/2021\/09\/chug-550x251.png 550w, https:\/\/chugchilan.gob.ec\/cotopaxi\/wp-content\/uploads\/2021\/09\/chug-768x350.png 768w, https:\/\/chugchilan.gob.ec\/cotopaxi\/wp-content\/uploads\/2021\/09\/chug.png 982w\" sizes=\"auto, (max-width: 550px) 100vw, 550px\" \/><\/div>\n\t\t<\/a>\n\t\t\t\t<div class=\"elementor-post__text\">\n\t\t\t\t<h3 class=\"elementor-post__title\">\n\t\t\t<a href=\"https:\/\/chugchilan.gob.ec\/cotopaxi\/convocatoria-tecnico-de-deporte\/\" >\n\t\t\t\tCONVOCATORIA TECNICO DE DEPORTE\t\t\t<\/a>\n\t\t<\/h3>\n\t\t\t\t<div class=\"elementor-post__excerpt\">\n\t\t\t\t\t<\/div>\n\t\t\t\t\t<a class=\"elementor-post__read-more\" href=\"https:\/\/chugchilan.gob.ec\/cotopaxi\/convocatoria-tecnico-de-deporte\/\" >\n\t\t\t\tleer m\u00e1s \u00bb\t\t\t<\/a>\n\t\t\t\t<\/div>\n\t\t\t\t<div class=\"elementor-post__meta-data\">\n\t\t\t\t\t<span class=\"elementor-post-date\">\n\t\t\t2 septiembre, 2021\t\t<\/span>\n\t\t\t\t<\/div>\n\t\t\t\t\t<\/div>\n\t\t<\/article>\n\t\t\t\t<article class=\"elementor-post elementor-grid-item post-386 post type-post status-publish format-standard has-post-thumbnail hentry category-s7-noticias category-sin-categoria\">\n\t\t\t<div class=\"elementor-post__card\">\n\t\t\t\t<a class=\"elementor-post__thumbnail__link\" href=\"https:\/\/chugchilan.gob.ec\/cotopaxi\/recorrido-turistico\/\" >\n\t\t\t<div class=\"elementor-post__thumbnail\"><img loading=\"lazy\" decoding=\"async\" width=\"550\" height=\"330\" src=\"https:\/\/chugchilan.gob.ec\/cotopaxi\/wp-content\/uploads\/2017\/04\/IMG-20170420-WA00091-550x330.jpg\" class=\"attachment-medium size-medium\" alt=\"\" srcset=\"https:\/\/chugchilan.gob.ec\/cotopaxi\/wp-content\/uploads\/2017\/04\/IMG-20170420-WA00091-550x330.jpg 550w, https:\/\/chugchilan.gob.ec\/cotopaxi\/wp-content\/uploads\/2017\/04\/IMG-20170420-WA00091.jpg 1024w\" sizes=\"auto, (max-width: 550px) 100vw, 550px\" \/><\/div>\n\t\t<\/a>\n\t\t\t\t<div class=\"elementor-post__text\">\n\t\t\t\t<h3 class=\"elementor-post__title\">\n\t\t\t<a href=\"https:\/\/chugchilan.gob.ec\/cotopaxi\/recorrido-turistico\/\" >\n\t\t\t\tRECORRIDO TUR\u00cdSTICO\t\t\t<\/a>\n\t\t<\/h3>\n\t\t\t\t<div class=\"elementor-post__excerpt\">\n\t\t\t<p>\u00a0 RECORRIDO QUILOTOA &#8211; CHUGCHIL\u00c1N. El d\u00eda mi\u00e9rcoles 19\/04\/17 se realiz\u00f3 el recorrido de la Ruta Tur\u00edstica Quilotoa &#8211; Chugchil\u00e1n, actividad planificada conjuntamente con el<\/p>\n\t\t<\/div>\n\t\t\t\t\t<a class=\"elementor-post__read-more\" href=\"https:\/\/chugchilan.gob.ec\/cotopaxi\/recorrido-turistico\/\" >\n\t\t\t\tleer m\u00e1s \u00bb\t\t\t<\/a>\n\t\t\t\t<\/div>\n\t\t\t\t<div class=\"elementor-post__meta-data\">\n\t\t\t\t\t<span class=\"elementor-post-date\">\n\t\t\t20 abril, 2017\t\t<\/span>\n\t\t\t\t<\/div>\n\t\t\t\t\t<\/div>\n\t\t<\/article>\n\t\t\t\t<article class=\"elementor-post elementor-grid-item post-355 post type-post status-publish format-standard has-post-thumbnail hentry category-s7-noticias\">\n\t\t\t<div class=\"elementor-post__card\">\n\t\t\t\t<a class=\"elementor-post__thumbnail__link\" href=\"https:\/\/chugchilan.gob.ec\/cotopaxi\/presupuesto-participativo-2017-2\/\" >\n\t\t\t<div class=\"elementor-post__thumbnail\"><img loading=\"lazy\" decoding=\"async\" width=\"300\" height=\"180\" src=\"https:\/\/chugchilan.gob.ec\/cotopaxi\/wp-content\/uploads\/2016\/10\/20161014_1020592-e1476909923398-300x180.jpg\" class=\"attachment-medium size-medium\" alt=\"\" srcset=\"https:\/\/chugchilan.gob.ec\/cotopaxi\/wp-content\/uploads\/2016\/10\/20161014_1020592-e1476909923398-300x180.jpg 300w, https:\/\/chugchilan.gob.ec\/cotopaxi\/wp-content\/uploads\/2016\/10\/20161014_1020592-e1476909923398.jpg 1024w\" sizes=\"auto, (max-width: 300px) 100vw, 300px\" \/><\/div>\n\t\t<\/a>\n\t\t\t\t<div class=\"elementor-post__text\">\n\t\t\t\t<h3 class=\"elementor-post__title\">\n\t\t\t<a href=\"https:\/\/chugchilan.gob.ec\/cotopaxi\/presupuesto-participativo-2017-2\/\" >\n\t\t\t\tPRESUPUESTO PARTICIPATIVO 2017.\t\t\t<\/a>\n\t\t<\/h3>\n\t\t\t\t<div class=\"elementor-post__excerpt\">\n\t\t\t<p>GOBIERNO AUT\u00d3NOMO DESCENTRALIZADO PARROQUIAL RURAL \u00abCHUGCHIL\u00c1N\u00bb ADMINISTRACI\u00d3N 2014 &#8211; 2019 \u00a0PRESUPUESTO PARTICIPATIVO 2017 En cumplimiento a un deber democr\u00e1tico y de acuerdo al Art. 95<\/p>\n\t\t<\/div>\n\t\t\t\t\t<a class=\"elementor-post__read-more\" href=\"https:\/\/chugchilan.gob.ec\/cotopaxi\/presupuesto-participativo-2017-2\/\" >\n\t\t\t\tleer m\u00e1s \u00bb\t\t\t<\/a>\n\t\t\t\t<\/div>\n\t\t\t\t<div class=\"elementor-post__meta-data\">\n\t\t\t\t\t<span class=\"elementor-post-date\">\n\t\t\t19 octubre, 2016\t\t<\/span>\n\t\t\t\t<\/div>\n\t\t\t\t\t<\/div>\n\t\t<\/article>\n\t\t\t\t<\/div>\n\t\t\t\t<\/div>\n\t\t\t\t<\/div>\n\t\t\t\t\t\t<\/div>\n\t\t\t<\/div>\n\t\t<\/div>\n\t\t\t\t\t\t<\/div>\n\t\t\t<\/div>\n\t\t<\/section>\n\t\t\t\t\t\t<\/div>\n\t\t\t<\/div>\n\t\t<\/div>\n\t\t","protected":false},"excerpt":{"rendered":"<p>Trabajo mancomunado para la construcci\u00f3n del puente peatonal del sendero tur\u00edstico Quilotoa Loop Quilotoa Trail. La Prefectura de Cotopaxi Gad Chugchil\u00e1n La Operaci\u00f3n Mato Grosso Asociaci\u00f3n de Quilotoa Loop Chugchil\u00e1n Teniente Pol\u00edtico de Chugchil\u00e1n Y miembros de la comunidad Guayama San Pedro &nbsp;<\/p>\n","protected":false},"author":2,"featured_media":2438,"parent":0,"menu_order":0,"comment_status":"closed","ping_status":"open","template":"","meta":{"footnotes":""},"class_list":["post-21","page","type-page","status-publish","has-post-thumbnail","hentry"],"yoast_head":"<!-- This site is optimized with the Yoast SEO plugin v24.2 - https:\/\/yoast.com\/wordpress\/plugins\/seo\/ -->\n<title>Construcci\u00f3n de Puente en sector el Sigue - GAD parroquial Chugchil\u00e1n<\/title>\n<meta name=\"robots\" content=\"index, follow, max-snippet:-1, max-image-preview:large, max-video-preview:-1\" \/>\n<link rel=\"canonical\" href=\"https:\/\/chugchilan.gob.ec\/cotopaxi\/ultimas-noticias\/\" \/>\n<meta property=\"og:locale\" content=\"es_ES\" \/>\n<meta property=\"og:type\" content=\"article\" \/>\n<meta property=\"og:title\" content=\"Construcci\u00f3n de Puente en sector el Sigue - GAD parroquial Chugchil\u00e1n\" \/>\n<meta property=\"og:description\" content=\"Trabajo mancomunado para la construcci\u00f3n del puente peatonal del sendero tur\u00edstico Quilotoa Loop Quilotoa Trail. La Prefectura de Cotopaxi Gad Chugchil\u00e1n La Operaci\u00f3n Mato Grosso Asociaci\u00f3n de Quilotoa Loop Chugchil\u00e1n Teniente Pol\u00edtico de Chugchil\u00e1n Y miembros de la comunidad Guayama San Pedro &nbsp;\" \/>\n<meta property=\"og:url\" content=\"https:\/\/chugchilan.gob.ec\/cotopaxi\/ultimas-noticias\/\" \/>\n<meta property=\"og:site_name\" content=\"GAD parroquial Chugchil\u00e1n\" \/>\n<meta property=\"article:modified_time\" content=\"2025-03-10T16:43:14+00:00\" \/>\n<meta property=\"og:image\" content=\"https:\/\/chugchilan.gob.ec\/cotopaxi\/wp-content\/uploads\/2025\/03\/Imagen-de-WhatsApp-2025-02-24-a-las-16.57.27_46f63a45-scaled.jpg\" \/>\n\t<meta property=\"og:image:width\" content=\"2560\" \/>\n\t<meta property=\"og:image:height\" content=\"1915\" \/>\n\t<meta property=\"og:image:type\" content=\"image\/jpeg\" \/>\n<meta name=\"twitter:card\" content=\"summary_large_image\" \/>\n<meta name=\"twitter:label1\" content=\"Tiempo de lectura\" \/>\n\t<meta name=\"twitter:data1\" content=\"1 minuto\" \/>\n<script type=\"application\/ld+json\" class=\"yoast-schema-graph\">{\"@context\":\"https:\/\/schema.org\",\"@graph\":[{\"@type\":\"WebPage\",\"@id\":\"https:\/\/chugchilan.gob.ec\/cotopaxi\/ultimas-noticias\/\",\"url\":\"https:\/\/chugchilan.gob.ec\/cotopaxi\/ultimas-noticias\/\",\"name\":\"Construcci\u00f3n de Puente en sector el Sigue - GAD parroquial Chugchil\u00e1n\",\"isPartOf\":{\"@id\":\"https:\/\/chugchilan.gob.ec\/cotopaxi\/#website\"},\"primaryImageOfPage\":{\"@id\":\"https:\/\/chugchilan.gob.ec\/cotopaxi\/ultimas-noticias\/#primaryimage\"},\"image\":{\"@id\":\"https:\/\/chugchilan.gob.ec\/cotopaxi\/ultimas-noticias\/#primaryimage\"},\"thumbnailUrl\":\"https:\/\/chugchilan.gob.ec\/cotopaxi\/wp-content\/uploads\/2025\/03\/Imagen-de-WhatsApp-2025-02-24-a-las-16.57.27_46f63a45-scaled.jpg\",\"datePublished\":\"2014-10-24T02:10:00+00:00\",\"dateModified\":\"2025-03-10T16:43:14+00:00\",\"breadcrumb\":{\"@id\":\"https:\/\/chugchilan.gob.ec\/cotopaxi\/ultimas-noticias\/#breadcrumb\"},\"inLanguage\":\"es\",\"potentialAction\":[{\"@type\":\"ReadAction\",\"target\":[\"https:\/\/chugchilan.gob.ec\/cotopaxi\/ultimas-noticias\/\"]}]},{\"@type\":\"ImageObject\",\"inLanguage\":\"es\",\"@id\":\"https:\/\/chugchilan.gob.ec\/cotopaxi\/ultimas-noticias\/#primaryimage\",\"url\":\"https:\/\/chugchilan.gob.ec\/cotopaxi\/wp-content\/uploads\/2025\/03\/Imagen-de-WhatsApp-2025-02-24-a-las-16.57.27_46f63a45-scaled.jpg\",\"contentUrl\":\"https:\/\/chugchilan.gob.ec\/cotopaxi\/wp-content\/uploads\/2025\/03\/Imagen-de-WhatsApp-2025-02-24-a-las-16.57.27_46f63a45-scaled.jpg\",\"width\":2560,\"height\":1915},{\"@type\":\"BreadcrumbList\",\"@id\":\"https:\/\/chugchilan.gob.ec\/cotopaxi\/ultimas-noticias\/#breadcrumb\",\"itemListElement\":[{\"@type\":\"ListItem\",\"position\":1,\"name\":\"Home\",\"item\":\"https:\/\/chugchilan.gob.ec\/cotopaxi\/\"},{\"@type\":\"ListItem\",\"position\":2,\"name\":\"Construcci\u00f3n de Puente en sector el Sigue\"}]},{\"@type\":\"WebSite\",\"@id\":\"https:\/\/chugchilan.gob.ec\/cotopaxi\/#website\",\"url\":\"https:\/\/chugchilan.gob.ec\/cotopaxi\/\",\"name\":\"GAD Parroquial de Chugchil\u00e1n\",\"description\":\"Sitio Oficial del GAD Parroquial de Chugchil\u00e1n Cotopaxi\",\"publisher\":{\"@id\":\"https:\/\/chugchilan.gob.ec\/cotopaxi\/#organization\"},\"potentialAction\":[{\"@type\":\"SearchAction\",\"target\":{\"@type\":\"EntryPoint\",\"urlTemplate\":\"https:\/\/chugchilan.gob.ec\/cotopaxi\/?s={search_term_string}\"},\"query-input\":{\"@type\":\"PropertyValueSpecification\",\"valueRequired\":true,\"valueName\":\"search_term_string\"}}],\"inLanguage\":\"es\"},{\"@type\":\"Organization\",\"@id\":\"https:\/\/chugchilan.gob.ec\/cotopaxi\/#organization\",\"name\":\"GAD Parroquial de Chugchil\u00e1n\",\"url\":\"https:\/\/chugchilan.gob.ec\/cotopaxi\/\",\"logo\":{\"@type\":\"ImageObject\",\"inLanguage\":\"es\",\"@id\":\"https:\/\/chugchilan.gob.ec\/cotopaxi\/#\/schema\/logo\/image\/\",\"url\":\"https:\/\/chugchilan.gob.ec\/cotopaxi\/wp-content\/uploads\/2020\/06\/logoFooter.png\",\"contentUrl\":\"https:\/\/chugchilan.gob.ec\/cotopaxi\/wp-content\/uploads\/2020\/06\/logoFooter.png\",\"width\":160,\"height\":156,\"caption\":\"GAD Parroquial de Chugchil\u00e1n\"},\"image\":{\"@id\":\"https:\/\/chugchilan.gob.ec\/cotopaxi\/#\/schema\/logo\/image\/\"}}]}<\/script>\n<!-- \/ Yoast SEO plugin. -->","yoast_head_json":{"title":"Construcci\u00f3n de Puente en sector el Sigue - GAD parroquial Chugchil\u00e1n","robots":{"index":"index","follow":"follow","max-snippet":"max-snippet:-1","max-image-preview":"max-image-preview:large","max-video-preview":"max-video-preview:-1"},"canonical":"https:\/\/chugchilan.gob.ec\/cotopaxi\/ultimas-noticias\/","og_locale":"es_ES","og_type":"article","og_title":"Construcci\u00f3n de Puente en sector el Sigue - GAD parroquial Chugchil\u00e1n","og_description":"Trabajo mancomunado para la construcci\u00f3n del puente peatonal del sendero tur\u00edstico Quilotoa Loop Quilotoa Trail. La Prefectura de Cotopaxi Gad Chugchil\u00e1n La Operaci\u00f3n Mato Grosso Asociaci\u00f3n de Quilotoa Loop Chugchil\u00e1n Teniente Pol\u00edtico de Chugchil\u00e1n Y miembros de la comunidad Guayama San Pedro &nbsp;","og_url":"https:\/\/chugchilan.gob.ec\/cotopaxi\/ultimas-noticias\/","og_site_name":"GAD parroquial Chugchil\u00e1n","article_modified_time":"2025-03-10T16:43:14+00:00","og_image":[{"width":2560,"height":1915,"url":"https:\/\/chugchilan.gob.ec\/cotopaxi\/wp-content\/uploads\/2025\/03\/Imagen-de-WhatsApp-2025-02-24-a-las-16.57.27_46f63a45-scaled.jpg","type":"image\/jpeg"}],"twitter_card":"summary_large_image","twitter_misc":{"Tiempo de lectura":"1 minuto"},"schema":{"@context":"https:\/\/schema.org","@graph":[{"@type":"WebPage","@id":"https:\/\/chugchilan.gob.ec\/cotopaxi\/ultimas-noticias\/","url":"https:\/\/chugchilan.gob.ec\/cotopaxi\/ultimas-noticias\/","name":"Construcci\u00f3n de Puente en sector el Sigue - GAD parroquial Chugchil\u00e1n","isPartOf":{"@id":"https:\/\/chugchilan.gob.ec\/cotopaxi\/#website"},"primaryImageOfPage":{"@id":"https:\/\/chugchilan.gob.ec\/cotopaxi\/ultimas-noticias\/#primaryimage"},"image":{"@id":"https:\/\/chugchilan.gob.ec\/cotopaxi\/ultimas-noticias\/#primaryimage"},"thumbnailUrl":"https:\/\/chugchilan.gob.ec\/cotopaxi\/wp-content\/uploads\/2025\/03\/Imagen-de-WhatsApp-2025-02-24-a-las-16.57.27_46f63a45-scaled.jpg","datePublished":"2014-10-24T02:10:00+00:00","dateModified":"2025-03-10T16:43:14+00:00","breadcrumb":{"@id":"https:\/\/chugchilan.gob.ec\/cotopaxi\/ultimas-noticias\/#breadcrumb"},"inLanguage":"es","potentialAction":[{"@type":"ReadAction","target":["https:\/\/chugchilan.gob.ec\/cotopaxi\/ultimas-noticias\/"]}]},{"@type":"ImageObject","inLanguage":"es","@id":"https:\/\/chugchilan.gob.ec\/cotopaxi\/ultimas-noticias\/#primaryimage","url":"https:\/\/chugchilan.gob.ec\/cotopaxi\/wp-content\/uploads\/2025\/03\/Imagen-de-WhatsApp-2025-02-24-a-las-16.57.27_46f63a45-scaled.jpg","contentUrl":"https:\/\/chugchilan.gob.ec\/cotopaxi\/wp-content\/uploads\/2025\/03\/Imagen-de-WhatsApp-2025-02-24-a-las-16.57.27_46f63a45-scaled.jpg","width":2560,"height":1915},{"@type":"BreadcrumbList","@id":"https:\/\/chugchilan.gob.ec\/cotopaxi\/ultimas-noticias\/#breadcrumb","itemListElement":[{"@type":"ListItem","position":1,"name":"Home","item":"https:\/\/chugchilan.gob.ec\/cotopaxi\/"},{"@type":"ListItem","position":2,"name":"Construcci\u00f3n de Puente en sector el Sigue"}]},{"@type":"WebSite","@id":"https:\/\/chugchilan.gob.ec\/cotopaxi\/#website","url":"https:\/\/chugchilan.gob.ec\/cotopaxi\/","name":"GAD Parroquial de Chugchil\u00e1n","description":"Sitio Oficial del GAD Parroquial de Chugchil\u00e1n Cotopaxi","publisher":{"@id":"https:\/\/chugchilan.gob.ec\/cotopaxi\/#organization"},"potentialAction":[{"@type":"SearchAction","target":{"@type":"EntryPoint","urlTemplate":"https:\/\/chugchilan.gob.ec\/cotopaxi\/?s={search_term_string}"},"query-input":{"@type":"PropertyValueSpecification","valueRequired":true,"valueName":"search_term_string"}}],"inLanguage":"es"},{"@type":"Organization","@id":"https:\/\/chugchilan.gob.ec\/cotopaxi\/#organization","name":"GAD Parroquial de Chugchil\u00e1n","url":"https:\/\/chugchilan.gob.ec\/cotopaxi\/","logo":{"@type":"ImageObject","inLanguage":"es","@id":"https:\/\/chugchilan.gob.ec\/cotopaxi\/#\/schema\/logo\/image\/","url":"https:\/\/chugchilan.gob.ec\/cotopaxi\/wp-content\/uploads\/2020\/06\/logoFooter.png","contentUrl":"https:\/\/chugchilan.gob.ec\/cotopaxi\/wp-content\/uploads\/2020\/06\/logoFooter.png","width":160,"height":156,"caption":"GAD Parroquial de Chugchil\u00e1n"},"image":{"@id":"https:\/\/chugchilan.gob.ec\/cotopaxi\/#\/schema\/logo\/image\/"}}]}},"_links":{"self":[{"href":"https:\/\/chugchilan.gob.ec\/cotopaxi\/wp-json\/wp\/v2\/pages\/21","targetHints":{"allow":["GET"]}}],"collection":[{"href":"https:\/\/chugchilan.gob.ec\/cotopaxi\/wp-json\/wp\/v2\/pages"}],"about":[{"href":"https:\/\/chugchilan.gob.ec\/cotopaxi\/wp-json\/wp\/v2\/types\/page"}],"author":[{"embeddable":true,"href":"https:\/\/chugchilan.gob.ec\/cotopaxi\/wp-json\/wp\/v2\/users\/2"}],"replies":[{"embeddable":true,"href":"https:\/\/chugchilan.gob.ec\/cotopaxi\/wp-json\/wp\/v2\/comments?post=21"}],"version-history":[{"count":9,"href":"https:\/\/chugchilan.gob.ec\/cotopaxi\/wp-json\/wp\/v2\/pages\/21\/revisions"}],"predecessor-version":[{"id":2437,"href":"https:\/\/chugchilan.gob.ec\/cotopaxi\/wp-json\/wp\/v2\/pages\/21\/revisions\/2437"}],"wp:featuredmedia":[{"embeddable":true,"href":"https:\/\/chugchilan.gob.ec\/cotopaxi\/wp-json\/wp\/v2\/media\/2438"}],"wp:attachment":[{"href":"https:\/\/chugchilan.gob.ec\/cotopaxi\/wp-json\/wp\/v2\/media?parent=21"}],"curies":[{"name":"wp","href":"https:\/\/api.w.org\/{rel}","templated":true}]}}