{"id":2391,"date":"2025-01-05T18:16:52","date_gmt":"2025-01-05T18:16:52","guid":{"rendered":"https:\/\/chugchilan.gob.ec\/cotopaxi\/?page_id=2391"},"modified":"2026-03-25T10:22:58","modified_gmt":"2026-03-25T14:22:58","slug":"rendicion-de-cuentas-2025","status":"publish","type":"page","link":"https:\/\/chugchilan.gob.ec\/cotopaxi\/rendicion-de-cuentas-2025\/","title":{"rendered":"Rendici\u00f3n de Cuentas 2025"},"content":{"rendered":"<p style=\"text-align: center;\"><strong>EJERCICIO FISCAL 2025<\/strong><\/p>\n<p style=\"text-align: center;\"><a href=\"https:\/\/chugchilan.gob.ec\/cotopaxi\/wp-content\/uploads\/2026\/02\/Resolucion_No-CPCCS-PLE-SG-004-O-2026-0030.pdf\">Resolucio\u0301n_No-CPCCS-PLE-SG-004-O-2026-0030<\/a><\/p>\n<p><em><strong>Art. 13.- Para los Gobiernos Aut\u00f3nomos Descentralizados (GAD): <\/strong>Los Gobiernos Aut\u00f3nomos Descentralizados de los niveles provincial, cantonal y parroquial y las personas jur\u00eddicas\u00a0 creadas por acto normativo de los mismos para el cumplimiento de sus funciones deber\u00e1n implementar el proceso de rendici\u00f3n de cuentas de acuerdo a las siguientes fases y cronograma correspondiente:<\/em><\/p>\n<p style=\"text-align: center;\"><span style=\"color: #0000ff;\"><strong><u>FASE 1\u00a0<\/u><\/strong><\/span><\/p>\n<p style=\"text-align: center;\"><em>(Febrero-Marzo)<\/em><\/p>\n<p><strong>PLANIFICACI\u00d3N Y FACILITACI\u00d3N DEL PROCESO POR LA ASAMBLEA CIUDADANA LOCAL<\/strong><\/p>\n<p><strong>Designaci\u00f3n del Equipo T\u00e9cnico del Proceso de Rendici\u00f3n de Cuentas del GAD Chugchil\u00e1n:<\/strong><\/p>\n<p><a href=\"https:\/\/chugchilan.gob.ec\/cotopaxi\/wp-content\/uploads\/2024\/02\/Oficio-de-Desingacion-del-Equipo-de-Rendicion-de-Cuentas..pdf\">Oficio de Designaci\u00f3n del Equipo de Rendici\u00f3n de Cuentas.<\/a><\/p>\n<p><strong>Entrega a la Asamblea Ciudadana Local del Plan de Desarrollo y Ordenamiento Territorial (PDOT) a\u00f1o 2024-2027; Oferta de campa\u00f1a o Plan de trabajo presentado al CNE por el presidente parroquial actual; El Plan Operativo Anual (POA) 2025; y El Presupuesto institucional y participativo 2025:<\/strong><\/p>\n<p><a href=\"https:\/\/chugchilan.gob.ec\/cotopaxi\/wp-content\/uploads\/2026\/03\/OFICIO-DE-ENTREGA-DE-DOCUMENTOS-A-LA-ASAMBLEA-LOCAL-CIUDADANA.pdf\">OFICIO DE ENTREGA DE DOCUMENTOS A LA ASAMBLEA LOCAL CIUDADANA<\/a><\/p>\n<p><a href=\"https:\/\/chugchilan.gob.ec\/cotopaxi\/wp-content\/uploads\/2026\/03\/PDYTO-CHUGCHILAN-2025-signed.pdf\">PDYTO CHUGCHILAN 2025 -signed<\/a><\/p>\n<p><a href=\"https:\/\/chugchilan.gob.ec\/cotopaxi\/wp-content\/uploads\/2024\/02\/PLAN-DE-TRABAJO-CNE-2023-2027.pdf\">PLAN DE TRABAJO CNE 2023-2027<\/a><\/p>\n<p><a href=\"https:\/\/chugchilan.gob.ec\/cotopaxi\/wp-content\/uploads\/2026\/03\/POA-CONSOLIDADO-2025.pdf\">POA CONSOLIDADO 2025<\/a><\/p>\n<p><a href=\"https:\/\/chugchilan.gob.ec\/cotopaxi\/wp-content\/uploads\/2026\/03\/Presupuesto-2025.pdf\">Presupuesto 2025<\/a><\/p>\n<p><strong>Entrega de Matrices a la<\/strong>\u00a0<strong>Asamblea Ciudadana Local:<\/strong><\/p>\n<p><a href=\"https:\/\/chugchilan.gob.ec\/cotopaxi\/wp-content\/uploads\/2026\/03\/OFICIO-DE-ENTREGA-DE-MATRICES-A-LA-ASAMBLEA-LOCAL-CIUDADANA.pdf\">OFICIO DE ENTREGA DE MATRICES A LA ASAMBLEA LOCAL CIUDADANA<\/a><\/p>\n<p><a href=\"https:\/\/chugchilan.gob.ec\/cotopaxi\/wp-content\/uploads\/2024\/02\/HOJA-DE-RUTA-v.pdf\">HOJA DE RUTA<\/a><\/p>\n<p><a href=\"https:\/\/chugchilan.gob.ec\/cotopaxi\/wp-content\/uploads\/2024\/02\/MAPEO-DE-ACTORES.pdf\">MAPEO DE ACTORES<\/a><\/p>\n<p><a href=\"https:\/\/chugchilan.gob.ec\/cotopaxi\/wp-content\/uploads\/2024\/02\/MATRIZ-DE-LEVANTAMIENTO-DE-LA-CONSULTA-CIUDADANA-DE-LA-PARROQUIA-RURAL-DE-CHUGCHILAN.pdf\">MATRIZ DE LEVANTAMIENTO DE LA CONSULTA CIUDADANA DE LA PARROQUIA RURAL DE CHUGCHIL\u00c1N<\/a><\/p>\n<p><strong>Entrega de Matrices y Preguntas de la Asamblea Ciudadana Local al GAD Chugchil\u00e1n:<\/strong><\/p>\n\n<div class=\"wpcf7 no-js\" id=\"wpcf7-f2502-o1\" lang=\"es-ES\" dir=\"ltr\" data-wpcf7-id=\"2502\">\n<div class=\"screen-reader-response\"><p role=\"status\" aria-live=\"polite\" aria-atomic=\"true\"><\/p> <ul><\/ul><\/div>\n<form action=\"\/cotopaxi\/wp-json\/wp\/v2\/pages\/2391#wpcf7-f2502-o1\" method=\"post\" class=\"wpcf7-form init\" aria-label=\"Formulario de contacto\" novalidate=\"novalidate\" data-status=\"init\">\n<div style=\"display: none;\">\n<input type=\"hidden\" name=\"_wpcf7\" value=\"2502\" \/>\n<input type=\"hidden\" name=\"_wpcf7_version\" value=\"6.0.2\" \/>\n<input type=\"hidden\" name=\"_wpcf7_locale\" value=\"es_ES\" \/>\n<input type=\"hidden\" name=\"_wpcf7_unit_tag\" value=\"wpcf7-f2502-o1\" \/>\n<input type=\"hidden\" name=\"_wpcf7_container_post\" value=\"0\" \/>\n<input type=\"hidden\" name=\"_wpcf7_posted_data_hash\" value=\"\" \/>\n<input type=\"hidden\" name=\"_wpcf7_recaptcha_response\" value=\"\" \/>\n<\/div>\n<p>RECEPCION DE PREGUNTAS\n<\/p>\n<p><label> Preguntas de la ciudadan\u00eda al GAD(requerido)<br \/>\n<span class=\"wpcf7-form-control-wrap\" data-name=\"your-message\"><textarea cols=\"40\" rows=\"10\" maxlength=\"2000\" class=\"wpcf7-form-control wpcf7-textarea\" aria-invalid=\"false\" name=\"your-message\"><\/textarea><\/span> <\/label><br \/>\n<span class=\"wpcf7-form-control-wrap recaptcha\" data-name=\"recaptcha\"><span data-sitekey=\"6LdCWDoUAAAAADVjCHMXEMRrPsdhPsn9iQaZaeIh\" class=\"wpcf7-form-control wpcf7-recaptcha g-recaptcha\"><\/span>\r\n<noscript>\r\n\t<div class=\"grecaptcha-noscript\">\r\n\t\t<iframe loading=\"lazy\" src=\"https:\/\/www.google.com\/recaptcha\/api\/fallback?k=6LdCWDoUAAAAADVjCHMXEMRrPsdhPsn9iQaZaeIh\" frameborder=\"0\" scrolling=\"no\" width=\"310\" height=\"430\">\r\n\t\t<\/iframe>\r\n\t\t<textarea name=\"g-recaptcha-response\" rows=\"3\" cols=\"40\" placeholder=\"Aqu\u00ed la respuesta de reCAPTCHA\">\r\n\t\t<\/textarea>\r\n\t<\/div>\r\n<\/noscript>\r\n<\/span>\n<\/p>\n<p><input class=\"wpcf7-form-control wpcf7-submit has-spinner\" type=\"submit\" value=\"Enviar\" \/>\n<\/p><p style=\"display: none !important;\" class=\"akismet-fields-container\" data-prefix=\"_wpcf7_ak_\"><label>&#916;<textarea name=\"_wpcf7_ak_hp_textarea\" cols=\"45\" rows=\"8\" maxlength=\"100\"><\/textarea><\/label><input type=\"hidden\" id=\"ak_js_1\" name=\"_wpcf7_ak_js\" value=\"117\"\/><script>document.getElementById( \"ak_js_1\" ).setAttribute( \"value\", ( new Date() ).getTime() );<\/script><\/p><div class=\"wpcf7-response-output\" aria-hidden=\"true\"><\/div>\n<\/form>\n<\/div>\n\n<p><a href=\"https:\/\/chugchilan.gob.ec\/cotopaxi\/wp-content\/uploads\/2024\/03\/PREGUNTAS-DE-LA-CIUDADANIA-RECIBIDA.pdf\">PREGUNTAS DE LA CIUDADAN\u00cdA RECIBIDA<\/a><\/p>\n<p><a href=\"https:\/\/chugchilan.gob.ec\/cotopaxi\/wp-content\/uploads\/2024\/03\/OFICIO-ENTREGA-DE-MATRICES.pdf\">OFICIO ENTREGA DE MATRICES\u00a0 \u00a0 \u00a0PENDIENTE<\/a><\/p>\n<p><a href=\"https:\/\/chugchilan.gob.ec\/cotopaxi\/wp-content\/uploads\/2024\/03\/HOJA-DE-RUTA.pdf\">HOJA DE RUTA<\/a><\/p>\n<p><a href=\"https:\/\/chugchilan.gob.ec\/cotopaxi\/wp-content\/uploads\/2024\/03\/MAPEO-DE-ACTORES-RECIBIDA.pdf\">MAPEO DE ACTORES RECIBIDA<\/a><\/p>\n<p><a href=\"https:\/\/chugchilan.gob.ec\/cotopaxi\/wp-content\/uploads\/2024\/03\/LEVANTAMIENTO-DE-CONSULTA-CIUDADANA-RECIBIDA.pdf\">LEVANTAMIENTO DE CONSULTA CIUDADANA RECIBIDA\u00a0 \u00a0 \u00a0 \u00a0 PENDIENTE<\/a><\/p>\n<p style=\"text-align: center;\"><span style=\"color: #008000;\"><strong><u>FASE 2<\/u><\/strong><\/span><\/p>\n<p style=\"text-align: center;\"><em>(Abril)<\/em><\/p>\n<p><strong>EVALUACI\u00d3N DE LA GESTI\u00d3N Y ELABORACI\u00d3N DEL INFORME INSTITUCIONAL<\/strong><\/p>\n<p><strong>Aprobaci\u00f3n del Informe Preliminar de Rendici\u00f3n de Cuentas:<\/strong><\/p>\n<p><strong>Entrega del Informe Preliminar de Rendici\u00f3n de Cuentas 2025 del GAD Parroquial Chugchil\u00e1n a la Asamblea Ciudadana Local:<\/strong><\/p>\n<p><strong>Oficio de aprobaci\u00f3n de la Asamblea Ciudadana Local del Informe Preliminar de Rendici\u00f3n de Cuentas 2025:<\/strong><\/p>\n<p style=\"text-align: center;\"><span style=\"color: #ff9900;\"><strong><u>FASE 3<\/u><\/strong><\/span><\/p>\n<p style=\"text-align: center;\"><em>(Mayo)<\/em><\/p>\n<p><strong>DELIBERACI\u00d3N P\u00daBLICA Y EVALUACI\u00d3N CIUDADANA DEL INFORME INSTITUCIONAL<\/strong><\/p>\n<p><strong>Informe de Rendici\u00f3n de Cuentas 2025 del GAD Parroquial Chugchil\u00e1n:<\/strong><\/p>\n<p><strong>Formulario de Rendici\u00f3n de Cuentas 2025 del GAD Parroquial Chugchil\u00e1n:<\/strong><\/p>\n<p>(Excel)<\/p>\n<p><strong>Convocatoria para la Deliberaci\u00f3n P\u00fablica:<\/strong><\/p>\n<p><strong>Deliberaci\u00f3n P\u00fablica:<\/strong><\/p>\n<p>(Acta y registro de asistencia)<\/p>\n<p>(Link)<\/p>\n<p style=\"text-align: center;\"><span style=\"color: #0000ff;\"><strong><u>FASE 4<\/u><\/strong><\/span><\/p>\n<p style=\"text-align: center;\"><em>(Junio)<\/em><\/p>\n<p><strong>INCORPORACI\u00d3N DE LA OPINI\u00d3N CIUDADANA, RETROALIMENTACI\u00d3N Y SEGUIMIENTO<\/strong><\/p>\n<p><strong>Plan de Trabajo:<\/strong><\/p>\n<p><strong>Oficio de entrega del Plan de Trabajo a la Asamblea Local Ciudadana:<\/strong><\/p>\n<p><strong>Oficio de entrega del Plan de Trabajo al Consejo de Planificaci\u00f3n:<\/strong><\/p>\n<p><strong>Oficio de entrega del Plan de Trabajo al Consejo de Participaci\u00f3n Ciudadana y Control Social:<\/strong><\/p>\n<p><strong>Informe Finalizado de Rendici\u00f3n de Cuentas al Consejo de Participaci\u00f3n Ciudadana y Control Social en el Sistema Inform\u00e1tico:<\/strong><\/p>\n","protected":false},"excerpt":{"rendered":"<p>EJERCICIO FISCAL 2025 Resolucio\u0301n_No-CPCCS-PLE-SG-004-O-2026-0030 Art. 13.- Para los Gobiernos Aut\u00f3nomos Descentralizados (GAD): Los Gobiernos Aut\u00f3nomos Descentralizados de los niveles provincial, cantonal y parroquial y las personas jur\u00eddicas\u00a0 creadas por acto normativo de los mismos para el cumplimiento de sus funciones deber\u00e1n implementar el proceso de rendici\u00f3n de cuentas de acuerdo a las siguientes fases y [&hellip;]<\/p>\n","protected":false},"author":2,"featured_media":0,"parent":0,"menu_order":0,"comment_status":"closed","ping_status":"closed","template":"","meta":{"footnotes":""},"class_list":["post-2391","page","type-page","status-publish","hentry"],"yoast_head":"<!-- This site is optimized with the Yoast SEO plugin v24.2 - https:\/\/yoast.com\/wordpress\/plugins\/seo\/ -->\n<title>Rendici\u00f3n de Cuentas 2025 - GAD parroquial Chugchil\u00e1n<\/title>\n<meta name=\"robots\" content=\"index, follow, max-snippet:-1, max-image-preview:large, max-video-preview:-1\" \/>\n<link rel=\"canonical\" href=\"https:\/\/chugchilan.gob.ec\/cotopaxi\/rendicion-de-cuentas-2025\/\" \/>\n<meta property=\"og:locale\" content=\"es_ES\" \/>\n<meta property=\"og:type\" content=\"article\" \/>\n<meta property=\"og:title\" content=\"Rendici\u00f3n de Cuentas 2025 - GAD parroquial Chugchil\u00e1n\" \/>\n<meta property=\"og:description\" content=\"EJERCICIO FISCAL 2025 Resolucio\u0301n_No-CPCCS-PLE-SG-004-O-2026-0030 Art. 13.- Para los Gobiernos Aut\u00f3nomos Descentralizados (GAD): Los Gobiernos Aut\u00f3nomos Descentralizados de los niveles provincial, cantonal y parroquial y las personas jur\u00eddicas\u00a0 creadas por acto normativo de los mismos para el cumplimiento de sus funciones deber\u00e1n implementar el proceso de rendici\u00f3n de cuentas de acuerdo a las siguientes fases y [&hellip;]\" \/>\n<meta property=\"og:url\" content=\"https:\/\/chugchilan.gob.ec\/cotopaxi\/rendicion-de-cuentas-2025\/\" \/>\n<meta property=\"og:site_name\" content=\"GAD parroquial Chugchil\u00e1n\" \/>\n<meta property=\"article:modified_time\" content=\"2026-03-25T14:22:58+00:00\" \/>\n<meta name=\"twitter:card\" content=\"summary_large_image\" \/>\n<meta name=\"twitter:label1\" content=\"Tiempo de lectura\" \/>\n\t<meta name=\"twitter:data1\" content=\"2 minutos\" \/>\n<script type=\"application\/ld+json\" class=\"yoast-schema-graph\">{\"@context\":\"https:\/\/schema.org\",\"@graph\":[{\"@type\":\"WebPage\",\"@id\":\"https:\/\/chugchilan.gob.ec\/cotopaxi\/rendicion-de-cuentas-2025\/\",\"url\":\"https:\/\/chugchilan.gob.ec\/cotopaxi\/rendicion-de-cuentas-2025\/\",\"name\":\"Rendici\u00f3n de Cuentas 2025 - GAD parroquial Chugchil\u00e1n\",\"isPartOf\":{\"@id\":\"https:\/\/chugchilan.gob.ec\/cotopaxi\/#website\"},\"datePublished\":\"2025-01-05T18:16:52+00:00\",\"dateModified\":\"2026-03-25T14:22:58+00:00\",\"breadcrumb\":{\"@id\":\"https:\/\/chugchilan.gob.ec\/cotopaxi\/rendicion-de-cuentas-2025\/#breadcrumb\"},\"inLanguage\":\"es\",\"potentialAction\":[{\"@type\":\"ReadAction\",\"target\":[\"https:\/\/chugchilan.gob.ec\/cotopaxi\/rendicion-de-cuentas-2025\/\"]}]},{\"@type\":\"BreadcrumbList\",\"@id\":\"https:\/\/chugchilan.gob.ec\/cotopaxi\/rendicion-de-cuentas-2025\/#breadcrumb\",\"itemListElement\":[{\"@type\":\"ListItem\",\"position\":1,\"name\":\"Home\",\"item\":\"https:\/\/chugchilan.gob.ec\/cotopaxi\/\"},{\"@type\":\"ListItem\",\"position\":2,\"name\":\"Rendici\u00f3n de Cuentas 2025\"}]},{\"@type\":\"WebSite\",\"@id\":\"https:\/\/chugchilan.gob.ec\/cotopaxi\/#website\",\"url\":\"https:\/\/chugchilan.gob.ec\/cotopaxi\/\",\"name\":\"GAD Parroquial de Chugchil\u00e1n\",\"description\":\"Sitio Oficial del GAD Parroquial de Chugchil\u00e1n Cotopaxi\",\"publisher\":{\"@id\":\"https:\/\/chugchilan.gob.ec\/cotopaxi\/#organization\"},\"potentialAction\":[{\"@type\":\"SearchAction\",\"target\":{\"@type\":\"EntryPoint\",\"urlTemplate\":\"https:\/\/chugchilan.gob.ec\/cotopaxi\/?s={search_term_string}\"},\"query-input\":{\"@type\":\"PropertyValueSpecification\",\"valueRequired\":true,\"valueName\":\"search_term_string\"}}],\"inLanguage\":\"es\"},{\"@type\":\"Organization\",\"@id\":\"https:\/\/chugchilan.gob.ec\/cotopaxi\/#organization\",\"name\":\"GAD Parroquial de Chugchil\u00e1n\",\"url\":\"https:\/\/chugchilan.gob.ec\/cotopaxi\/\",\"logo\":{\"@type\":\"ImageObject\",\"inLanguage\":\"es\",\"@id\":\"https:\/\/chugchilan.gob.ec\/cotopaxi\/#\/schema\/logo\/image\/\",\"url\":\"https:\/\/chugchilan.gob.ec\/cotopaxi\/wp-content\/uploads\/2020\/06\/logoFooter.png\",\"contentUrl\":\"https:\/\/chugchilan.gob.ec\/cotopaxi\/wp-content\/uploads\/2020\/06\/logoFooter.png\",\"width\":160,\"height\":156,\"caption\":\"GAD Parroquial de Chugchil\u00e1n\"},\"image\":{\"@id\":\"https:\/\/chugchilan.gob.ec\/cotopaxi\/#\/schema\/logo\/image\/\"}}]}<\/script>\n<!-- \/ Yoast SEO plugin. -->","yoast_head_json":{"title":"Rendici\u00f3n de Cuentas 2025 - GAD parroquial Chugchil\u00e1n","robots":{"index":"index","follow":"follow","max-snippet":"max-snippet:-1","max-image-preview":"max-image-preview:large","max-video-preview":"max-video-preview:-1"},"canonical":"https:\/\/chugchilan.gob.ec\/cotopaxi\/rendicion-de-cuentas-2025\/","og_locale":"es_ES","og_type":"article","og_title":"Rendici\u00f3n de Cuentas 2025 - GAD parroquial Chugchil\u00e1n","og_description":"EJERCICIO FISCAL 2025 Resolucio\u0301n_No-CPCCS-PLE-SG-004-O-2026-0030 Art. 13.- Para los Gobiernos Aut\u00f3nomos Descentralizados (GAD): Los Gobiernos Aut\u00f3nomos Descentralizados de los niveles provincial, cantonal y parroquial y las personas jur\u00eddicas\u00a0 creadas por acto normativo de los mismos para el cumplimiento de sus funciones deber\u00e1n implementar el proceso de rendici\u00f3n de cuentas de acuerdo a las siguientes fases y [&hellip;]","og_url":"https:\/\/chugchilan.gob.ec\/cotopaxi\/rendicion-de-cuentas-2025\/","og_site_name":"GAD parroquial Chugchil\u00e1n","article_modified_time":"2026-03-25T14:22:58+00:00","twitter_card":"summary_large_image","twitter_misc":{"Tiempo de lectura":"2 minutos"},"schema":{"@context":"https:\/\/schema.org","@graph":[{"@type":"WebPage","@id":"https:\/\/chugchilan.gob.ec\/cotopaxi\/rendicion-de-cuentas-2025\/","url":"https:\/\/chugchilan.gob.ec\/cotopaxi\/rendicion-de-cuentas-2025\/","name":"Rendici\u00f3n de Cuentas 2025 - GAD parroquial Chugchil\u00e1n","isPartOf":{"@id":"https:\/\/chugchilan.gob.ec\/cotopaxi\/#website"},"datePublished":"2025-01-05T18:16:52+00:00","dateModified":"2026-03-25T14:22:58+00:00","breadcrumb":{"@id":"https:\/\/chugchilan.gob.ec\/cotopaxi\/rendicion-de-cuentas-2025\/#breadcrumb"},"inLanguage":"es","potentialAction":[{"@type":"ReadAction","target":["https:\/\/chugchilan.gob.ec\/cotopaxi\/rendicion-de-cuentas-2025\/"]}]},{"@type":"BreadcrumbList","@id":"https:\/\/chugchilan.gob.ec\/cotopaxi\/rendicion-de-cuentas-2025\/#breadcrumb","itemListElement":[{"@type":"ListItem","position":1,"name":"Home","item":"https:\/\/chugchilan.gob.ec\/cotopaxi\/"},{"@type":"ListItem","position":2,"name":"Rendici\u00f3n de Cuentas 2025"}]},{"@type":"WebSite","@id":"https:\/\/chugchilan.gob.ec\/cotopaxi\/#website","url":"https:\/\/chugchilan.gob.ec\/cotopaxi\/","name":"GAD Parroquial de Chugchil\u00e1n","description":"Sitio Oficial del GAD Parroquial de Chugchil\u00e1n Cotopaxi","publisher":{"@id":"https:\/\/chugchilan.gob.ec\/cotopaxi\/#organization"},"potentialAction":[{"@type":"SearchAction","target":{"@type":"EntryPoint","urlTemplate":"https:\/\/chugchilan.gob.ec\/cotopaxi\/?s={search_term_string}"},"query-input":{"@type":"PropertyValueSpecification","valueRequired":true,"valueName":"search_term_string"}}],"inLanguage":"es"},{"@type":"Organization","@id":"https:\/\/chugchilan.gob.ec\/cotopaxi\/#organization","name":"GAD Parroquial de Chugchil\u00e1n","url":"https:\/\/chugchilan.gob.ec\/cotopaxi\/","logo":{"@type":"ImageObject","inLanguage":"es","@id":"https:\/\/chugchilan.gob.ec\/cotopaxi\/#\/schema\/logo\/image\/","url":"https:\/\/chugchilan.gob.ec\/cotopaxi\/wp-content\/uploads\/2020\/06\/logoFooter.png","contentUrl":"https:\/\/chugchilan.gob.ec\/cotopaxi\/wp-content\/uploads\/2020\/06\/logoFooter.png","width":160,"height":156,"caption":"GAD Parroquial de Chugchil\u00e1n"},"image":{"@id":"https:\/\/chugchilan.gob.ec\/cotopaxi\/#\/schema\/logo\/image\/"}}]}},"_links":{"self":[{"href":"https:\/\/chugchilan.gob.ec\/cotopaxi\/wp-json\/wp\/v2\/pages\/2391","targetHints":{"allow":["GET"]}}],"collection":[{"href":"https:\/\/chugchilan.gob.ec\/cotopaxi\/wp-json\/wp\/v2\/pages"}],"about":[{"href":"https:\/\/chugchilan.gob.ec\/cotopaxi\/wp-json\/wp\/v2\/types\/page"}],"author":[{"embeddable":true,"href":"https:\/\/chugchilan.gob.ec\/cotopaxi\/wp-json\/wp\/v2\/users\/2"}],"replies":[{"embeddable":true,"href":"https:\/\/chugchilan.gob.ec\/cotopaxi\/wp-json\/wp\/v2\/comments?post=2391"}],"version-history":[{"count":15,"href":"https:\/\/chugchilan.gob.ec\/cotopaxi\/wp-json\/wp\/v2\/pages\/2391\/revisions"}],"predecessor-version":[{"id":2503,"href":"https:\/\/chugchilan.gob.ec\/cotopaxi\/wp-json\/wp\/v2\/pages\/2391\/revisions\/2503"}],"wp:attachment":[{"href":"https:\/\/chugchilan.gob.ec\/cotopaxi\/wp-json\/wp\/v2\/media?parent=2391"}],"curies":[{"name":"wp","href":"https:\/\/api.w.org\/{rel}","templated":true}]}}