{"id":371,"date":"2017-01-29T11:26:03","date_gmt":"2017-01-29T15:26:03","guid":{"rendered":"http:\/\/chugchilan.gob.ec\/cotopaxi\/?page_id=371"},"modified":"2025-02-20T16:23:51","modified_gmt":"2025-02-20T20:23:51","slug":"galeria-fotografica","status":"publish","type":"page","link":"https:\/\/chugchilan.gob.ec\/cotopaxi\/galeria-fotografica\/","title":{"rendered":"Galer\u00eda Fotogr\u00e1fica"},"content":{"rendered":"<p style=\"text-align: center;\">MIRADOR MINTANGA<\/p>\n<p style=\"text-align: center;\"><img loading=\"lazy\" decoding=\"async\" class=\"alignnone size-medium wp-image-2417\" src=\"https:\/\/chugchilan.gob.ec\/cotopaxi\/wp-content\/uploads\/2011\/05\/IMG_20230804_103307-550x412.jpg\" alt=\"\" width=\"550\" height=\"412\" srcset=\"https:\/\/chugchilan.gob.ec\/cotopaxi\/wp-content\/uploads\/2011\/05\/IMG_20230804_103307-550x412.jpg 550w, https:\/\/chugchilan.gob.ec\/cotopaxi\/wp-content\/uploads\/2011\/05\/IMG_20230804_103307-1024x766.jpg 1024w, https:\/\/chugchilan.gob.ec\/cotopaxi\/wp-content\/uploads\/2011\/05\/IMG_20230804_103307-768x575.jpg 768w, https:\/\/chugchilan.gob.ec\/cotopaxi\/wp-content\/uploads\/2011\/05\/IMG_20230804_103307-1536x1149.jpg 1536w, https:\/\/chugchilan.gob.ec\/cotopaxi\/wp-content\/uploads\/2011\/05\/IMG_20230804_103307-2048x1532.jpg 2048w\" sizes=\"auto, (max-width: 550px) 100vw, 550px\" \/><br \/>\nTERMAS DE YANAYAKU<\/p>\n<p><img loading=\"lazy\" decoding=\"async\" class=\"size-medium wp-image-2382 aligncenter\" src=\"https:\/\/chugchilan.gob.ec\/cotopaxi\/wp-content\/uploads\/2011\/05\/DSC08594-550x367.jpg\" alt=\"\" width=\"550\" height=\"367\" srcset=\"https:\/\/chugchilan.gob.ec\/cotopaxi\/wp-content\/uploads\/2011\/05\/DSC08594-550x367.jpg 550w, https:\/\/chugchilan.gob.ec\/cotopaxi\/wp-content\/uploads\/2011\/05\/DSC08594-1024x683.jpg 1024w, https:\/\/chugchilan.gob.ec\/cotopaxi\/wp-content\/uploads\/2011\/05\/DSC08594-768x512.jpg 768w, https:\/\/chugchilan.gob.ec\/cotopaxi\/wp-content\/uploads\/2011\/05\/DSC08594-1536x1024.jpg 1536w, https:\/\/chugchilan.gob.ec\/cotopaxi\/wp-content\/uploads\/2011\/05\/DSC08594-2048x1365.jpg 2048w\" sizes=\"auto, (max-width: 550px) 100vw, 550px\" \/><\/p>\n<p style=\"text-align: center;\">CHURO DE AMANTA<\/p>\n<p><img loading=\"lazy\" decoding=\"async\" class=\"size-medium wp-image-2414 aligncenter\" src=\"https:\/\/chugchilan.gob.ec\/cotopaxi\/wp-content\/uploads\/2011\/05\/churo-550x309.jpg\" alt=\"\" width=\"550\" height=\"309\" srcset=\"https:\/\/chugchilan.gob.ec\/cotopaxi\/wp-content\/uploads\/2011\/05\/churo-550x309.jpg 550w, https:\/\/chugchilan.gob.ec\/cotopaxi\/wp-content\/uploads\/2011\/05\/churo-768x432.jpg 768w, https:\/\/chugchilan.gob.ec\/cotopaxi\/wp-content\/uploads\/2011\/05\/churo.jpg 1366w\" sizes=\"auto, (max-width: 550px) 100vw, 550px\" \/><\/p>\n<p style=\"text-align: center;\">MIRADOR CHINALO BAJO<\/p>\n<p><img loading=\"lazy\" decoding=\"async\" class=\"size-medium wp-image-2416 aligncenter\" src=\"https:\/\/chugchilan.gob.ec\/cotopaxi\/wp-content\/uploads\/2011\/05\/DJI_20240208135837_0062_D-550x413.png\" alt=\"\" width=\"550\" height=\"413\" srcset=\"https:\/\/chugchilan.gob.ec\/cotopaxi\/wp-content\/uploads\/2011\/05\/DJI_20240208135837_0062_D-550x413.png 550w, https:\/\/chugchilan.gob.ec\/cotopaxi\/wp-content\/uploads\/2011\/05\/DJI_20240208135837_0062_D-768x576.png 768w\" sizes=\"auto, (max-width: 550px) 100vw, 550px\" \/><\/p>\n<p>&nbsp;<\/p>\n<p style=\"text-align: center;\">CHUGCHIL\u00c1N ES QUILOTOA<br \/>\n<img loading=\"lazy\" decoding=\"async\" class=\"alignnone wp-image-1502\" src=\"https:\/\/chugchilan.gob.ec\/cotopaxi\/wp-content\/uploads\/2022\/04\/WhatsApp-Image-2021-12-15-at-6.59.20-AM.jpeg\" alt=\"\" width=\"433\" height=\"770\" srcset=\"https:\/\/chugchilan.gob.ec\/cotopaxi\/wp-content\/uploads\/2022\/04\/WhatsApp-Image-2021-12-15-at-6.59.20-AM.jpeg 576w, https:\/\/chugchilan.gob.ec\/cotopaxi\/wp-content\/uploads\/2022\/04\/WhatsApp-Image-2021-12-15-at-6.59.20-AM-450x800.jpeg 450w\" sizes=\"auto, (max-width: 433px) 100vw, 433px\" \/><br \/>\nCaminata por el Gran Ca\u00f1\u00f3n del R\u00edo Toachi<img loading=\"lazy\" decoding=\"async\" class=\"alignnone size-large wp-image-1500\" src=\"https:\/\/chugchilan.gob.ec\/cotopaxi\/wp-content\/uploads\/2022\/04\/20200112_160050.jpg\" alt=\"\" width=\"1024\" height=\"485\" srcset=\"https:\/\/chugchilan.gob.ec\/cotopaxi\/wp-content\/uploads\/2022\/04\/20200112_160050.jpg 2280w, https:\/\/chugchilan.gob.ec\/cotopaxi\/wp-content\/uploads\/2022\/04\/20200112_160050-550x260.jpg 550w, https:\/\/chugchilan.gob.ec\/cotopaxi\/wp-content\/uploads\/2022\/04\/20200112_160050-768x364.jpg 768w\" sizes=\"auto, (max-width: 1024px) 100vw, 1024px\" \/><br \/>\nEntrada Termas Tambila<\/p>\n<p style=\"text-align: center;\"><img loading=\"lazy\" decoding=\"async\" class=\"alignnone size-large wp-image-1495\" src=\"https:\/\/chugchilan.gob.ec\/cotopaxi\/wp-content\/uploads\/2022\/04\/MAO_9983-1024x683.jpg\" alt=\"\" width=\"1024\" height=\"683\" srcset=\"https:\/\/chugchilan.gob.ec\/cotopaxi\/wp-content\/uploads\/2022\/04\/MAO_9983-1024x683.jpg 1024w, https:\/\/chugchilan.gob.ec\/cotopaxi\/wp-content\/uploads\/2022\/04\/MAO_9983-550x367.jpg 550w, https:\/\/chugchilan.gob.ec\/cotopaxi\/wp-content\/uploads\/2022\/04\/MAO_9983-768x512.jpg 768w, https:\/\/chugchilan.gob.ec\/cotopaxi\/wp-content\/uploads\/2022\/04\/MAO_9983-1536x1024.jpg 1536w, https:\/\/chugchilan.gob.ec\/cotopaxi\/wp-content\/uploads\/2022\/04\/MAO_9983-2048x1365.jpg 2048w\" sizes=\"auto, (max-width: 1024px) 100vw, 1024px\" \/><\/p>\n<p style=\"text-align: center;\">Cicloruta Quilotoa &#8211; Pilapuch\u00edn- Guayama San Pedro<\/p>\n<p><img loading=\"lazy\" decoding=\"async\" class=\"alignnone size-large wp-image-1496\" src=\"https:\/\/chugchilan.gob.ec\/cotopaxi\/wp-content\/uploads\/2022\/04\/DSC_0256-1024x678.jpg\" alt=\"\" width=\"1024\" height=\"678\" srcset=\"https:\/\/chugchilan.gob.ec\/cotopaxi\/wp-content\/uploads\/2022\/04\/DSC_0256-1024x678.jpg 1024w, https:\/\/chugchilan.gob.ec\/cotopaxi\/wp-content\/uploads\/2022\/04\/DSC_0256-550x364.jpg 550w, https:\/\/chugchilan.gob.ec\/cotopaxi\/wp-content\/uploads\/2022\/04\/DSC_0256-768x509.jpg 768w, https:\/\/chugchilan.gob.ec\/cotopaxi\/wp-content\/uploads\/2022\/04\/DSC_0256-1536x1017.jpg 1536w, https:\/\/chugchilan.gob.ec\/cotopaxi\/wp-content\/uploads\/2022\/04\/DSC_0256-2048x1356.jpg 2048w\" sizes=\"auto, (max-width: 1024px) 100vw, 1024px\" \/><\/p>\n<p style=\"text-align: center;\">Mujeres de la Comunidad Condoructo<\/p>\n<p><img loading=\"lazy\" decoding=\"async\" class=\"alignnone size-large wp-image-1492\" src=\"https:\/\/chugchilan.gob.ec\/cotopaxi\/wp-content\/uploads\/2022\/04\/DSC_05101-1024x678.jpg\" alt=\"\" width=\"1024\" height=\"678\" srcset=\"https:\/\/chugchilan.gob.ec\/cotopaxi\/wp-content\/uploads\/2022\/04\/DSC_05101-1024x678.jpg 1024w, https:\/\/chugchilan.gob.ec\/cotopaxi\/wp-content\/uploads\/2022\/04\/DSC_05101-550x364.jpg 550w, https:\/\/chugchilan.gob.ec\/cotopaxi\/wp-content\/uploads\/2022\/04\/DSC_05101-768x509.jpg 768w, https:\/\/chugchilan.gob.ec\/cotopaxi\/wp-content\/uploads\/2022\/04\/DSC_05101-1536x1017.jpg 1536w, https:\/\/chugchilan.gob.ec\/cotopaxi\/wp-content\/uploads\/2022\/04\/DSC_05101-2048x1356.jpg 2048w\" sizes=\"auto, (max-width: 1024px) 100vw, 1024px\" \/><\/p>\n<p>&nbsp;<\/p>\n<p style=\"text-align: center;\">Grupo \u00abAndinistas Libres 593\u00bb Trekking Chugchil\u00e1n Quilotoa<\/p>\n<p><img loading=\"lazy\" decoding=\"async\" class=\"alignnone size-full wp-image-1493\" src=\"https:\/\/chugchilan.gob.ec\/cotopaxi\/wp-content\/uploads\/2022\/04\/277163763_1073035566761226_3900515145312111744_n.jpg\" alt=\"\" width=\"960\" height=\"640\" srcset=\"https:\/\/chugchilan.gob.ec\/cotopaxi\/wp-content\/uploads\/2022\/04\/277163763_1073035566761226_3900515145312111744_n.jpg 960w, https:\/\/chugchilan.gob.ec\/cotopaxi\/wp-content\/uploads\/2022\/04\/277163763_1073035566761226_3900515145312111744_n-550x367.jpg 550w, https:\/\/chugchilan.gob.ec\/cotopaxi\/wp-content\/uploads\/2022\/04\/277163763_1073035566761226_3900515145312111744_n-768x512.jpg 768w\" sizes=\"auto, (max-width: 960px) 100vw, 960px\" \/><\/p>\n<p>&nbsp;<\/p>\n<p style=\"text-align: center;\">Producci\u00f3n de Quesos Comunidad Chinalo Alto<\/p>\n<p><img loading=\"lazy\" decoding=\"async\" class=\"wp-image-1517 aligncenter\" src=\"https:\/\/chugchilan.gob.ec\/cotopaxi\/wp-content\/uploads\/2022\/04\/WhatsApp-Image-2021-11-04-at-4.19.15-PM.jpeg\" alt=\"\" width=\"539\" height=\"303\" srcset=\"https:\/\/chugchilan.gob.ec\/cotopaxi\/wp-content\/uploads\/2022\/04\/WhatsApp-Image-2021-11-04-at-4.19.15-PM.jpeg 1600w, https:\/\/chugchilan.gob.ec\/cotopaxi\/wp-content\/uploads\/2022\/04\/WhatsApp-Image-2021-11-04-at-4.19.15-PM-550x309.jpeg 550w, https:\/\/chugchilan.gob.ec\/cotopaxi\/wp-content\/uploads\/2022\/04\/WhatsApp-Image-2021-11-04-at-4.19.15-PM-768x432.jpeg 768w\" sizes=\"auto, (max-width: 539px) 100vw, 539px\" \/><\/p>\n<p style=\"text-align: center;\">Camino al Subtr\u00f3pico de Chugchil\u00e1n<\/p>\n<p><img loading=\"lazy\" decoding=\"async\" class=\"wp-image-1515 aligncenter\" src=\"https:\/\/chugchilan.gob.ec\/cotopaxi\/wp-content\/uploads\/2022\/04\/263331487_957723345142358_5670655086873645864_n.jpg\" alt=\"\" width=\"378\" height=\"378\" srcset=\"https:\/\/chugchilan.gob.ec\/cotopaxi\/wp-content\/uploads\/2022\/04\/263331487_957723345142358_5670655086873645864_n.jpg 1080w, https:\/\/chugchilan.gob.ec\/cotopaxi\/wp-content\/uploads\/2022\/04\/263331487_957723345142358_5670655086873645864_n-550x550.jpg 550w, https:\/\/chugchilan.gob.ec\/cotopaxi\/wp-content\/uploads\/2022\/04\/263331487_957723345142358_5670655086873645864_n-150x150.jpg 150w, https:\/\/chugchilan.gob.ec\/cotopaxi\/wp-content\/uploads\/2022\/04\/263331487_957723345142358_5670655086873645864_n-768x768.jpg 768w\" sizes=\"auto, (max-width: 378px) 100vw, 378px\" \/><\/p>\n","protected":false},"excerpt":{"rendered":"<p>MIRADOR MINTANGA TERMAS DE YANAYAKU CHURO DE AMANTA MIRADOR CHINALO BAJO &nbsp; CHUGCHIL\u00c1N ES QUILOTOA Caminata por el Gran Ca\u00f1\u00f3n del R\u00edo Toachi Entrada Termas Tambila Cicloruta Quilotoa &#8211; Pilapuch\u00edn- Guayama San Pedro Mujeres de la Comunidad Condoructo &nbsp; Grupo \u00abAndinistas Libres 593\u00bb Trekking Chugchil\u00e1n Quilotoa &nbsp; Producci\u00f3n de Quesos Comunidad Chinalo Alto Camino al [&hellip;]<\/p>\n","protected":false},"author":2,"featured_media":0,"parent":0,"menu_order":0,"comment_status":"closed","ping_status":"closed","template":"","meta":{"footnotes":""},"class_list":["post-371","page","type-page","status-publish","hentry"],"yoast_head":"<!-- This site is optimized with the Yoast SEO plugin v24.2 - https:\/\/yoast.com\/wordpress\/plugins\/seo\/ -->\n<title>Galer\u00eda Fotogr\u00e1fica - GAD parroquial Chugchil\u00e1n<\/title>\n<meta name=\"robots\" content=\"index, follow, max-snippet:-1, max-image-preview:large, max-video-preview:-1\" \/>\n<link rel=\"canonical\" href=\"https:\/\/chugchilan.gob.ec\/cotopaxi\/galeria-fotografica\/\" \/>\n<meta property=\"og:locale\" content=\"es_ES\" \/>\n<meta property=\"og:type\" content=\"article\" \/>\n<meta property=\"og:title\" content=\"Galer\u00eda Fotogr\u00e1fica - GAD parroquial Chugchil\u00e1n\" \/>\n<meta property=\"og:description\" content=\"MIRADOR MINTANGA TERMAS DE YANAYAKU CHURO DE AMANTA MIRADOR CHINALO BAJO &nbsp; CHUGCHIL\u00c1N ES QUILOTOA Caminata por el Gran Ca\u00f1\u00f3n del R\u00edo Toachi Entrada Termas Tambila Cicloruta Quilotoa &#8211; Pilapuch\u00edn- Guayama San Pedro Mujeres de la Comunidad Condoructo &nbsp; Grupo \u00abAndinistas Libres 593\u00bb Trekking Chugchil\u00e1n Quilotoa &nbsp; Producci\u00f3n de Quesos Comunidad Chinalo Alto Camino al [&hellip;]\" \/>\n<meta property=\"og:url\" content=\"https:\/\/chugchilan.gob.ec\/cotopaxi\/galeria-fotografica\/\" \/>\n<meta property=\"og:site_name\" content=\"GAD parroquial Chugchil\u00e1n\" \/>\n<meta property=\"article:modified_time\" content=\"2025-02-20T20:23:51+00:00\" \/>\n<meta property=\"og:image\" content=\"https:\/\/chugchilan.gob.ec\/cotopaxi\/wp-content\/uploads\/2011\/05\/IMG_20230804_103307-scaled.jpg\" \/>\n\t<meta property=\"og:image:width\" content=\"2560\" \/>\n\t<meta property=\"og:image:height\" content=\"1916\" \/>\n\t<meta property=\"og:image:type\" content=\"image\/jpeg\" \/>\n<meta name=\"twitter:card\" content=\"summary_large_image\" \/>\n<meta name=\"twitter:label1\" content=\"Tiempo de lectura\" \/>\n\t<meta name=\"twitter:data1\" content=\"3 minutos\" \/>\n<script type=\"application\/ld+json\" class=\"yoast-schema-graph\">{\"@context\":\"https:\/\/schema.org\",\"@graph\":[{\"@type\":\"WebPage\",\"@id\":\"https:\/\/chugchilan.gob.ec\/cotopaxi\/galeria-fotografica\/\",\"url\":\"https:\/\/chugchilan.gob.ec\/cotopaxi\/galeria-fotografica\/\",\"name\":\"Galer\u00eda Fotogr\u00e1fica - GAD parroquial Chugchil\u00e1n\",\"isPartOf\":{\"@id\":\"https:\/\/chugchilan.gob.ec\/cotopaxi\/#website\"},\"primaryImageOfPage\":{\"@id\":\"https:\/\/chugchilan.gob.ec\/cotopaxi\/galeria-fotografica\/#primaryimage\"},\"image\":{\"@id\":\"https:\/\/chugchilan.gob.ec\/cotopaxi\/galeria-fotografica\/#primaryimage\"},\"thumbnailUrl\":\"https:\/\/chugchilan.gob.ec\/cotopaxi\/wp-content\/uploads\/2011\/05\/IMG_20230804_103307-550x412.jpg\",\"datePublished\":\"2017-01-29T15:26:03+00:00\",\"dateModified\":\"2025-02-20T20:23:51+00:00\",\"breadcrumb\":{\"@id\":\"https:\/\/chugchilan.gob.ec\/cotopaxi\/galeria-fotografica\/#breadcrumb\"},\"inLanguage\":\"es\",\"potentialAction\":[{\"@type\":\"ReadAction\",\"target\":[\"https:\/\/chugchilan.gob.ec\/cotopaxi\/galeria-fotografica\/\"]}]},{\"@type\":\"ImageObject\",\"inLanguage\":\"es\",\"@id\":\"https:\/\/chugchilan.gob.ec\/cotopaxi\/galeria-fotografica\/#primaryimage\",\"url\":\"https:\/\/chugchilan.gob.ec\/cotopaxi\/wp-content\/uploads\/2011\/05\/IMG_20230804_103307-scaled.jpg\",\"contentUrl\":\"https:\/\/chugchilan.gob.ec\/cotopaxi\/wp-content\/uploads\/2011\/05\/IMG_20230804_103307-scaled.jpg\",\"width\":2560,\"height\":1916},{\"@type\":\"BreadcrumbList\",\"@id\":\"https:\/\/chugchilan.gob.ec\/cotopaxi\/galeria-fotografica\/#breadcrumb\",\"itemListElement\":[{\"@type\":\"ListItem\",\"position\":1,\"name\":\"Home\",\"item\":\"https:\/\/chugchilan.gob.ec\/cotopaxi\/\"},{\"@type\":\"ListItem\",\"position\":2,\"name\":\"Galer\u00eda Fotogr\u00e1fica\"}]},{\"@type\":\"WebSite\",\"@id\":\"https:\/\/chugchilan.gob.ec\/cotopaxi\/#website\",\"url\":\"https:\/\/chugchilan.gob.ec\/cotopaxi\/\",\"name\":\"GAD Parroquial de Chugchil\u00e1n\",\"description\":\"Sitio Oficial del GAD Parroquial de Chugchil\u00e1n Cotopaxi\",\"publisher\":{\"@id\":\"https:\/\/chugchilan.gob.ec\/cotopaxi\/#organization\"},\"potentialAction\":[{\"@type\":\"SearchAction\",\"target\":{\"@type\":\"EntryPoint\",\"urlTemplate\":\"https:\/\/chugchilan.gob.ec\/cotopaxi\/?s={search_term_string}\"},\"query-input\":{\"@type\":\"PropertyValueSpecification\",\"valueRequired\":true,\"valueName\":\"search_term_string\"}}],\"inLanguage\":\"es\"},{\"@type\":\"Organization\",\"@id\":\"https:\/\/chugchilan.gob.ec\/cotopaxi\/#organization\",\"name\":\"GAD Parroquial de Chugchil\u00e1n\",\"url\":\"https:\/\/chugchilan.gob.ec\/cotopaxi\/\",\"logo\":{\"@type\":\"ImageObject\",\"inLanguage\":\"es\",\"@id\":\"https:\/\/chugchilan.gob.ec\/cotopaxi\/#\/schema\/logo\/image\/\",\"url\":\"https:\/\/chugchilan.gob.ec\/cotopaxi\/wp-content\/uploads\/2020\/06\/logoFooter.png\",\"contentUrl\":\"https:\/\/chugchilan.gob.ec\/cotopaxi\/wp-content\/uploads\/2020\/06\/logoFooter.png\",\"width\":160,\"height\":156,\"caption\":\"GAD Parroquial de Chugchil\u00e1n\"},\"image\":{\"@id\":\"https:\/\/chugchilan.gob.ec\/cotopaxi\/#\/schema\/logo\/image\/\"}}]}<\/script>\n<!-- \/ Yoast SEO plugin. -->","yoast_head_json":{"title":"Galer\u00eda Fotogr\u00e1fica - GAD parroquial Chugchil\u00e1n","robots":{"index":"index","follow":"follow","max-snippet":"max-snippet:-1","max-image-preview":"max-image-preview:large","max-video-preview":"max-video-preview:-1"},"canonical":"https:\/\/chugchilan.gob.ec\/cotopaxi\/galeria-fotografica\/","og_locale":"es_ES","og_type":"article","og_title":"Galer\u00eda Fotogr\u00e1fica - GAD parroquial Chugchil\u00e1n","og_description":"MIRADOR MINTANGA TERMAS DE YANAYAKU CHURO DE AMANTA MIRADOR CHINALO BAJO &nbsp; CHUGCHIL\u00c1N ES QUILOTOA Caminata por el Gran Ca\u00f1\u00f3n del R\u00edo Toachi Entrada Termas Tambila Cicloruta Quilotoa &#8211; Pilapuch\u00edn- Guayama San Pedro Mujeres de la Comunidad Condoructo &nbsp; Grupo \u00abAndinistas Libres 593\u00bb Trekking Chugchil\u00e1n Quilotoa &nbsp; Producci\u00f3n de Quesos Comunidad Chinalo Alto Camino al [&hellip;]","og_url":"https:\/\/chugchilan.gob.ec\/cotopaxi\/galeria-fotografica\/","og_site_name":"GAD parroquial Chugchil\u00e1n","article_modified_time":"2025-02-20T20:23:51+00:00","og_image":[{"width":2560,"height":1916,"url":"https:\/\/chugchilan.gob.ec\/cotopaxi\/wp-content\/uploads\/2011\/05\/IMG_20230804_103307-scaled.jpg","type":"image\/jpeg"}],"twitter_card":"summary_large_image","twitter_misc":{"Tiempo de lectura":"3 minutos"},"schema":{"@context":"https:\/\/schema.org","@graph":[{"@type":"WebPage","@id":"https:\/\/chugchilan.gob.ec\/cotopaxi\/galeria-fotografica\/","url":"https:\/\/chugchilan.gob.ec\/cotopaxi\/galeria-fotografica\/","name":"Galer\u00eda Fotogr\u00e1fica - GAD parroquial Chugchil\u00e1n","isPartOf":{"@id":"https:\/\/chugchilan.gob.ec\/cotopaxi\/#website"},"primaryImageOfPage":{"@id":"https:\/\/chugchilan.gob.ec\/cotopaxi\/galeria-fotografica\/#primaryimage"},"image":{"@id":"https:\/\/chugchilan.gob.ec\/cotopaxi\/galeria-fotografica\/#primaryimage"},"thumbnailUrl":"https:\/\/chugchilan.gob.ec\/cotopaxi\/wp-content\/uploads\/2011\/05\/IMG_20230804_103307-550x412.jpg","datePublished":"2017-01-29T15:26:03+00:00","dateModified":"2025-02-20T20:23:51+00:00","breadcrumb":{"@id":"https:\/\/chugchilan.gob.ec\/cotopaxi\/galeria-fotografica\/#breadcrumb"},"inLanguage":"es","potentialAction":[{"@type":"ReadAction","target":["https:\/\/chugchilan.gob.ec\/cotopaxi\/galeria-fotografica\/"]}]},{"@type":"ImageObject","inLanguage":"es","@id":"https:\/\/chugchilan.gob.ec\/cotopaxi\/galeria-fotografica\/#primaryimage","url":"https:\/\/chugchilan.gob.ec\/cotopaxi\/wp-content\/uploads\/2011\/05\/IMG_20230804_103307-scaled.jpg","contentUrl":"https:\/\/chugchilan.gob.ec\/cotopaxi\/wp-content\/uploads\/2011\/05\/IMG_20230804_103307-scaled.jpg","width":2560,"height":1916},{"@type":"BreadcrumbList","@id":"https:\/\/chugchilan.gob.ec\/cotopaxi\/galeria-fotografica\/#breadcrumb","itemListElement":[{"@type":"ListItem","position":1,"name":"Home","item":"https:\/\/chugchilan.gob.ec\/cotopaxi\/"},{"@type":"ListItem","position":2,"name":"Galer\u00eda Fotogr\u00e1fica"}]},{"@type":"WebSite","@id":"https:\/\/chugchilan.gob.ec\/cotopaxi\/#website","url":"https:\/\/chugchilan.gob.ec\/cotopaxi\/","name":"GAD Parroquial de Chugchil\u00e1n","description":"Sitio Oficial del GAD Parroquial de Chugchil\u00e1n Cotopaxi","publisher":{"@id":"https:\/\/chugchilan.gob.ec\/cotopaxi\/#organization"},"potentialAction":[{"@type":"SearchAction","target":{"@type":"EntryPoint","urlTemplate":"https:\/\/chugchilan.gob.ec\/cotopaxi\/?s={search_term_string}"},"query-input":{"@type":"PropertyValueSpecification","valueRequired":true,"valueName":"search_term_string"}}],"inLanguage":"es"},{"@type":"Organization","@id":"https:\/\/chugchilan.gob.ec\/cotopaxi\/#organization","name":"GAD Parroquial de Chugchil\u00e1n","url":"https:\/\/chugchilan.gob.ec\/cotopaxi\/","logo":{"@type":"ImageObject","inLanguage":"es","@id":"https:\/\/chugchilan.gob.ec\/cotopaxi\/#\/schema\/logo\/image\/","url":"https:\/\/chugchilan.gob.ec\/cotopaxi\/wp-content\/uploads\/2020\/06\/logoFooter.png","contentUrl":"https:\/\/chugchilan.gob.ec\/cotopaxi\/wp-content\/uploads\/2020\/06\/logoFooter.png","width":160,"height":156,"caption":"GAD Parroquial de Chugchil\u00e1n"},"image":{"@id":"https:\/\/chugchilan.gob.ec\/cotopaxi\/#\/schema\/logo\/image\/"}}]}},"_links":{"self":[{"href":"https:\/\/chugchilan.gob.ec\/cotopaxi\/wp-json\/wp\/v2\/pages\/371","targetHints":{"allow":["GET"]}}],"collection":[{"href":"https:\/\/chugchilan.gob.ec\/cotopaxi\/wp-json\/wp\/v2\/pages"}],"about":[{"href":"https:\/\/chugchilan.gob.ec\/cotopaxi\/wp-json\/wp\/v2\/types\/page"}],"author":[{"embeddable":true,"href":"https:\/\/chugchilan.gob.ec\/cotopaxi\/wp-json\/wp\/v2\/users\/2"}],"replies":[{"embeddable":true,"href":"https:\/\/chugchilan.gob.ec\/cotopaxi\/wp-json\/wp\/v2\/comments?post=371"}],"version-history":[{"count":9,"href":"https:\/\/chugchilan.gob.ec\/cotopaxi\/wp-json\/wp\/v2\/pages\/371\/revisions"}],"predecessor-version":[{"id":2429,"href":"https:\/\/chugchilan.gob.ec\/cotopaxi\/wp-json\/wp\/v2\/pages\/371\/revisions\/2429"}],"wp:attachment":[{"href":"https:\/\/chugchilan.gob.ec\/cotopaxi\/wp-json\/wp\/v2\/media?parent=371"}],"curies":[{"name":"wp","href":"https:\/\/api.w.org\/{rel}","templated":true}]}}