{"id":671,"date":"2021-01-05T11:27:10","date_gmt":"2021-01-05T15:27:10","guid":{"rendered":"https:\/\/chugchilan.gob.ec\/cotopaxi\/?page_id=671"},"modified":"2022-06-07T11:14:43","modified_gmt":"2022-06-07T15:14:43","slug":"rendicion-de-cuentas-2021","status":"publish","type":"page","link":"https:\/\/chugchilan.gob.ec\/cotopaxi\/rendicion-de-cuentas-2021\/","title":{"rendered":"Rendici\u00f3n de Cuentas 2021"},"content":{"rendered":"<p>RENDICI\u00d3N DE CUENTAS GAD PARROQUIAL RURAL CHUGCHIL\u00c1N A\u00d1O FISCAL 2021<\/p>\n<p style=\"text-align: center;\"><span style=\"color: #3366ff;\">RESOLUCI\u00d3N CONSEJO DE PARTICIPACI\u00d3N CIUDADANA Y CONTROL SOCIAL<\/span><\/p>\n<p><a href=\"https:\/\/chugchilan.gob.ec\/cotopaxi\/wp-content\/uploads\/2022\/04\/RESOLUCION-No.-CPCCS-PLE-SG-069-2021-476.pdf\">RESOLUCION-No.-CPCCS-PLE-SG-069-2021-476<\/a><\/p>\n<p style=\"text-align: center;\"><span style=\"color: #00ff00;\">FASE N\u00b0 1.<\/span><\/p>\n<p>Resoluci\u00f3n Gad Parroquial Rural Chugchil\u00e1n.<\/p>\n<p><a href=\"https:\/\/chugchilan.gob.ec\/cotopaxi\/wp-content\/uploads\/2022\/04\/Resoluci\u00f3n-GADPR-CH.pdf\">Resoluci\u00f3n-GADPR-CH<\/a><\/p>\n<p>Entrega De matrices al representante de la ciudadan\u00eda<\/p>\n<p><a href=\"https:\/\/chugchilan.gob.ec\/cotopaxi\/wp-content\/uploads\/2022\/04\/ENTREGA-DE-MATRICES-AL-REPRESENTANTE-DE-LA-CIUDADAN\u00cdA.pdf\">ENTREGA DE MATRICES AL REPRESENTANTE DE LA CIUDADAN\u00cdA<\/a><\/p>\n<p><a href=\"https:\/\/chugchilan.gob.ec\/cotopaxi\/wp-content\/uploads\/2022\/04\/Mapeo-de-actores.pdf\">Mapeo de actores<\/a><\/p>\n<p>Entrega de, POA, plan\u00a0 de gobierno, PDOT, del Gad Parroquial Rural de Chugchil\u00e1n al representante de la Ciudadan\u00eda.<\/p>\n<p>Entrega de Temas al Gad.<\/p>\n<p style=\"text-align: center;\"><span style=\"color: #00ff00;\">FASE N\u00b0 2<\/span><\/p>\n<ul>\n<li>Entrega del Informe Preliminar de Rendici\u00f3n de Cuentas del GADPRCH a la Representante de la Ciudadan\u00eda.<\/li>\n<\/ul>\n<p><a href=\"https:\/\/chugchilan.gob.ec\/cotopaxi\/wp-content\/uploads\/2022\/06\/Informe-rendicion-de-cuentas-2021.pdf\">Informe rendici\u00f3n de cuentas 2021<\/a><\/p>\n<ul>\n<li>Evaluaci\u00f3n Ciudadana al Informe de Rendici\u00f3n de Cuentas.<\/li>\n<\/ul>\n<p><a href=\"https:\/\/chugchilan.gob.ec\/cotopaxi\/wp-content\/uploads\/2022\/06\/Oficio-de-contestacion-al-informe-de-rendicion-de-cuentas-a\u00f1o-2021.pdf\">Oficio de contestaci\u00f3n al informe de rendici\u00f3n de cuentas a\u00f1o 2021<\/a><\/p>\n<p style=\"text-align: center;\"><span style=\"color: #00ff00;\">FASE N\u00b0 3<\/span><\/p>\n<ul>\n<li>Invitaci\u00f3n a la Ciudadan\u00eda a la Deliberaci\u00f3n P\u00fablica de Rendici\u00f3n de Cuentas 2021 de Gad Parroquial Chugchilan y Vocales.<\/li>\n<\/ul>\n<p><img loading=\"lazy\" decoding=\"async\" class=\"alignnone wp-image-1487\" src=\"https:\/\/chugchilan.gob.ec\/cotopaxi\/wp-content\/uploads\/2022\/04\/2021re.jpg\" alt=\"\" width=\"556\" height=\"418\" srcset=\"https:\/\/chugchilan.gob.ec\/cotopaxi\/wp-content\/uploads\/2022\/04\/2021re.jpg 809w, https:\/\/chugchilan.gob.ec\/cotopaxi\/wp-content\/uploads\/2022\/04\/2021re-550x414.jpg 550w, https:\/\/chugchilan.gob.ec\/cotopaxi\/wp-content\/uploads\/2022\/04\/2021re-768x578.jpg 768w\" sizes=\"auto, (max-width: 556px) 100vw, 556px\" \/><\/p>\n<p style=\"text-align: center;\"><span style=\"color: #00ff00;\">FASE N\u00b04<\/span><\/p>\n<ul>\n<li>Deliberaci\u00f3n P\u00fablica del Informe de Rendici\u00f3n de Cuentas del a\u00f1o 2021 del Gobierno Parroquial Rural Chugchilan.<\/li>\n<\/ul>\n<p>https:\/\/m.facebook.com\/story.php?story_fbid=1003091123666517&#038;id=100011277344574&#038;m_entstream_source=message_thread<\/p>\n<ul>\n<li>Acta de Deliberaci\u00f3n P\u00fablica de Rendici\u00f3n de Cuentas 2021 del Gobierno Parroquial Rural Chugchilan\u00a0 y Vocales.<\/li>\n<\/ul>\n<p><a href=\"https:\/\/chugchilan.gob.ec\/cotopaxi\/wp-content\/uploads\/2022\/06\/Convocatoria-Acta-de-Rendici\u00f3n-de-Cuentas-2021.pdf\">Convocatoria- Acta de Rendici\u00f3n de Cuentas 2021<\/a><\/p>\n<p><a href=\"https:\/\/chugchilan.gob.ec\/cotopaxi\/wp-content\/uploads\/2022\/06\/RENDICION-DE-CUENTAS-GENERAL..pdf\">RENDICION DE CUENTAS GENERAL.<\/a><\/p>\n<ul>\n<li>Matriz de rendici\u00f3n de cuentas CPCCS<\/li>\n<\/ul>\n<p><a href=\"https:\/\/chugchilan.gob.ec\/cotopaxi\/wp-content\/uploads\/2022\/06\/Reporte-Informe-Gad.pdf\">Reporte Informe Gad<\/a><\/p>\n<p style=\"text-align: center;\"><span style=\"color: #99cc00;\">MEDIOS DE VERIFICACI\u00d3N\u00a0 PROCESO RENDICI\u00d3N DE CUENTAS 2021<\/span><\/p>\n<ul>\n<li>Cumplimiento del plan se sugerencias ciudadanas del a\u00f1o anterior implementaci\u00f3n en la gesti\u00f3n institucional.<\/li>\n<\/ul>\n<p><a href=\"https:\/\/chugchilan.gob.ec\/cotopaxi\/wp-content\/uploads\/2022\/06\/ACTA-DE-RENDICION-DE-CUENTAS-2020-signed-signed-signed-signed-signed-signed-1.pdf\">ACTA-DE-RENDICION-DE-CUENTAS-2020-signed-signed-signed-signed-signed-signed (1)<\/a><\/p>\n","protected":false},"excerpt":{"rendered":"<p>RENDICI\u00d3N DE CUENTAS GAD PARROQUIAL RURAL CHUGCHIL\u00c1N A\u00d1O FISCAL 2021 RESOLUCI\u00d3N CONSEJO DE PARTICIPACI\u00d3N CIUDADANA Y CONTROL SOCIAL RESOLUCION-No.-CPCCS-PLE-SG-069-2021-476 FASE N\u00b0 1. Resoluci\u00f3n Gad Parroquial Rural Chugchil\u00e1n. Resoluci\u00f3n-GADPR-CH Entrega De matrices al representante de la ciudadan\u00eda ENTREGA DE MATRICES AL REPRESENTANTE DE LA CIUDADAN\u00cdA Mapeo de actores Entrega de, POA, plan\u00a0 de gobierno, PDOT, del [&hellip;]<\/p>\n","protected":false},"author":2,"featured_media":0,"parent":0,"menu_order":0,"comment_status":"closed","ping_status":"closed","template":"","meta":{"footnotes":""},"class_list":["post-671","page","type-page","status-publish","hentry"],"yoast_head":"<!-- This site is optimized with the Yoast SEO plugin v24.2 - https:\/\/yoast.com\/wordpress\/plugins\/seo\/ -->\n<title>Rendici\u00f3n de Cuentas 2021 - GAD parroquial Chugchil\u00e1n<\/title>\n<meta name=\"robots\" content=\"index, follow, max-snippet:-1, max-image-preview:large, max-video-preview:-1\" \/>\n<link rel=\"canonical\" href=\"https:\/\/chugchilan.gob.ec\/cotopaxi\/rendicion-de-cuentas-2021\/\" \/>\n<meta property=\"og:locale\" content=\"es_ES\" \/>\n<meta property=\"og:type\" content=\"article\" \/>\n<meta property=\"og:title\" content=\"Rendici\u00f3n de Cuentas 2021 - GAD parroquial Chugchil\u00e1n\" \/>\n<meta property=\"og:description\" content=\"RENDICI\u00d3N DE CUENTAS GAD PARROQUIAL RURAL CHUGCHIL\u00c1N A\u00d1O FISCAL 2021 RESOLUCI\u00d3N CONSEJO DE PARTICIPACI\u00d3N CIUDADANA Y CONTROL SOCIAL RESOLUCION-No.-CPCCS-PLE-SG-069-2021-476 FASE N\u00b0 1. Resoluci\u00f3n Gad Parroquial Rural Chugchil\u00e1n. Resoluci\u00f3n-GADPR-CH Entrega De matrices al representante de la ciudadan\u00eda ENTREGA DE MATRICES AL REPRESENTANTE DE LA CIUDADAN\u00cdA Mapeo de actores Entrega de, POA, plan\u00a0 de gobierno, PDOT, del [&hellip;]\" \/>\n<meta property=\"og:url\" content=\"https:\/\/chugchilan.gob.ec\/cotopaxi\/rendicion-de-cuentas-2021\/\" \/>\n<meta property=\"og:site_name\" content=\"GAD parroquial Chugchil\u00e1n\" \/>\n<meta property=\"article:modified_time\" content=\"2022-06-07T15:14:43+00:00\" \/>\n<meta property=\"og:image\" content=\"https:\/\/chugchilan.gob.ec\/cotopaxi\/wp-content\/uploads\/2022\/04\/2021re.jpg\" \/>\n<meta name=\"twitter:card\" content=\"summary_large_image\" \/>\n<meta name=\"twitter:label1\" content=\"Tiempo de lectura\" \/>\n\t<meta name=\"twitter:data1\" content=\"1 minuto\" \/>\n<script type=\"application\/ld+json\" class=\"yoast-schema-graph\">{\"@context\":\"https:\/\/schema.org\",\"@graph\":[{\"@type\":\"WebPage\",\"@id\":\"https:\/\/chugchilan.gob.ec\/cotopaxi\/rendicion-de-cuentas-2021\/\",\"url\":\"https:\/\/chugchilan.gob.ec\/cotopaxi\/rendicion-de-cuentas-2021\/\",\"name\":\"Rendici\u00f3n de Cuentas 2021 - GAD parroquial Chugchil\u00e1n\",\"isPartOf\":{\"@id\":\"https:\/\/chugchilan.gob.ec\/cotopaxi\/#website\"},\"primaryImageOfPage\":{\"@id\":\"https:\/\/chugchilan.gob.ec\/cotopaxi\/rendicion-de-cuentas-2021\/#primaryimage\"},\"image\":{\"@id\":\"https:\/\/chugchilan.gob.ec\/cotopaxi\/rendicion-de-cuentas-2021\/#primaryimage\"},\"thumbnailUrl\":\"https:\/\/chugchilan.gob.ec\/cotopaxi\/wp-content\/uploads\/2022\/04\/2021re.jpg\",\"datePublished\":\"2021-01-05T15:27:10+00:00\",\"dateModified\":\"2022-06-07T15:14:43+00:00\",\"breadcrumb\":{\"@id\":\"https:\/\/chugchilan.gob.ec\/cotopaxi\/rendicion-de-cuentas-2021\/#breadcrumb\"},\"inLanguage\":\"es\",\"potentialAction\":[{\"@type\":\"ReadAction\",\"target\":[\"https:\/\/chugchilan.gob.ec\/cotopaxi\/rendicion-de-cuentas-2021\/\"]}]},{\"@type\":\"ImageObject\",\"inLanguage\":\"es\",\"@id\":\"https:\/\/chugchilan.gob.ec\/cotopaxi\/rendicion-de-cuentas-2021\/#primaryimage\",\"url\":\"https:\/\/chugchilan.gob.ec\/cotopaxi\/wp-content\/uploads\/2022\/04\/2021re.jpg\",\"contentUrl\":\"https:\/\/chugchilan.gob.ec\/cotopaxi\/wp-content\/uploads\/2022\/04\/2021re.jpg\",\"width\":809,\"height\":609},{\"@type\":\"BreadcrumbList\",\"@id\":\"https:\/\/chugchilan.gob.ec\/cotopaxi\/rendicion-de-cuentas-2021\/#breadcrumb\",\"itemListElement\":[{\"@type\":\"ListItem\",\"position\":1,\"name\":\"Home\",\"item\":\"https:\/\/chugchilan.gob.ec\/cotopaxi\/\"},{\"@type\":\"ListItem\",\"position\":2,\"name\":\"Rendici\u00f3n de Cuentas 2021\"}]},{\"@type\":\"WebSite\",\"@id\":\"https:\/\/chugchilan.gob.ec\/cotopaxi\/#website\",\"url\":\"https:\/\/chugchilan.gob.ec\/cotopaxi\/\",\"name\":\"GAD Parroquial de Chugchil\u00e1n\",\"description\":\"Sitio Oficial del GAD Parroquial de Chugchil\u00e1n Cotopaxi\",\"publisher\":{\"@id\":\"https:\/\/chugchilan.gob.ec\/cotopaxi\/#organization\"},\"potentialAction\":[{\"@type\":\"SearchAction\",\"target\":{\"@type\":\"EntryPoint\",\"urlTemplate\":\"https:\/\/chugchilan.gob.ec\/cotopaxi\/?s={search_term_string}\"},\"query-input\":{\"@type\":\"PropertyValueSpecification\",\"valueRequired\":true,\"valueName\":\"search_term_string\"}}],\"inLanguage\":\"es\"},{\"@type\":\"Organization\",\"@id\":\"https:\/\/chugchilan.gob.ec\/cotopaxi\/#organization\",\"name\":\"GAD Parroquial de Chugchil\u00e1n\",\"url\":\"https:\/\/chugchilan.gob.ec\/cotopaxi\/\",\"logo\":{\"@type\":\"ImageObject\",\"inLanguage\":\"es\",\"@id\":\"https:\/\/chugchilan.gob.ec\/cotopaxi\/#\/schema\/logo\/image\/\",\"url\":\"https:\/\/chugchilan.gob.ec\/cotopaxi\/wp-content\/uploads\/2020\/06\/logoFooter.png\",\"contentUrl\":\"https:\/\/chugchilan.gob.ec\/cotopaxi\/wp-content\/uploads\/2020\/06\/logoFooter.png\",\"width\":160,\"height\":156,\"caption\":\"GAD Parroquial de Chugchil\u00e1n\"},\"image\":{\"@id\":\"https:\/\/chugchilan.gob.ec\/cotopaxi\/#\/schema\/logo\/image\/\"}}]}<\/script>\n<!-- \/ Yoast SEO plugin. -->","yoast_head_json":{"title":"Rendici\u00f3n de Cuentas 2021 - GAD parroquial Chugchil\u00e1n","robots":{"index":"index","follow":"follow","max-snippet":"max-snippet:-1","max-image-preview":"max-image-preview:large","max-video-preview":"max-video-preview:-1"},"canonical":"https:\/\/chugchilan.gob.ec\/cotopaxi\/rendicion-de-cuentas-2021\/","og_locale":"es_ES","og_type":"article","og_title":"Rendici\u00f3n de Cuentas 2021 - GAD parroquial Chugchil\u00e1n","og_description":"RENDICI\u00d3N DE CUENTAS GAD PARROQUIAL RURAL CHUGCHIL\u00c1N A\u00d1O FISCAL 2021 RESOLUCI\u00d3N CONSEJO DE PARTICIPACI\u00d3N CIUDADANA Y CONTROL SOCIAL RESOLUCION-No.-CPCCS-PLE-SG-069-2021-476 FASE N\u00b0 1. Resoluci\u00f3n Gad Parroquial Rural Chugchil\u00e1n. Resoluci\u00f3n-GADPR-CH Entrega De matrices al representante de la ciudadan\u00eda ENTREGA DE MATRICES AL REPRESENTANTE DE LA CIUDADAN\u00cdA Mapeo de actores Entrega de, POA, plan\u00a0 de gobierno, PDOT, del [&hellip;]","og_url":"https:\/\/chugchilan.gob.ec\/cotopaxi\/rendicion-de-cuentas-2021\/","og_site_name":"GAD parroquial Chugchil\u00e1n","article_modified_time":"2022-06-07T15:14:43+00:00","og_image":[{"url":"https:\/\/chugchilan.gob.ec\/cotopaxi\/wp-content\/uploads\/2022\/04\/2021re.jpg","type":"","width":"","height":""}],"twitter_card":"summary_large_image","twitter_misc":{"Tiempo de lectura":"1 minuto"},"schema":{"@context":"https:\/\/schema.org","@graph":[{"@type":"WebPage","@id":"https:\/\/chugchilan.gob.ec\/cotopaxi\/rendicion-de-cuentas-2021\/","url":"https:\/\/chugchilan.gob.ec\/cotopaxi\/rendicion-de-cuentas-2021\/","name":"Rendici\u00f3n de Cuentas 2021 - GAD parroquial Chugchil\u00e1n","isPartOf":{"@id":"https:\/\/chugchilan.gob.ec\/cotopaxi\/#website"},"primaryImageOfPage":{"@id":"https:\/\/chugchilan.gob.ec\/cotopaxi\/rendicion-de-cuentas-2021\/#primaryimage"},"image":{"@id":"https:\/\/chugchilan.gob.ec\/cotopaxi\/rendicion-de-cuentas-2021\/#primaryimage"},"thumbnailUrl":"https:\/\/chugchilan.gob.ec\/cotopaxi\/wp-content\/uploads\/2022\/04\/2021re.jpg","datePublished":"2021-01-05T15:27:10+00:00","dateModified":"2022-06-07T15:14:43+00:00","breadcrumb":{"@id":"https:\/\/chugchilan.gob.ec\/cotopaxi\/rendicion-de-cuentas-2021\/#breadcrumb"},"inLanguage":"es","potentialAction":[{"@type":"ReadAction","target":["https:\/\/chugchilan.gob.ec\/cotopaxi\/rendicion-de-cuentas-2021\/"]}]},{"@type":"ImageObject","inLanguage":"es","@id":"https:\/\/chugchilan.gob.ec\/cotopaxi\/rendicion-de-cuentas-2021\/#primaryimage","url":"https:\/\/chugchilan.gob.ec\/cotopaxi\/wp-content\/uploads\/2022\/04\/2021re.jpg","contentUrl":"https:\/\/chugchilan.gob.ec\/cotopaxi\/wp-content\/uploads\/2022\/04\/2021re.jpg","width":809,"height":609},{"@type":"BreadcrumbList","@id":"https:\/\/chugchilan.gob.ec\/cotopaxi\/rendicion-de-cuentas-2021\/#breadcrumb","itemListElement":[{"@type":"ListItem","position":1,"name":"Home","item":"https:\/\/chugchilan.gob.ec\/cotopaxi\/"},{"@type":"ListItem","position":2,"name":"Rendici\u00f3n de Cuentas 2021"}]},{"@type":"WebSite","@id":"https:\/\/chugchilan.gob.ec\/cotopaxi\/#website","url":"https:\/\/chugchilan.gob.ec\/cotopaxi\/","name":"GAD Parroquial de Chugchil\u00e1n","description":"Sitio Oficial del GAD Parroquial de Chugchil\u00e1n Cotopaxi","publisher":{"@id":"https:\/\/chugchilan.gob.ec\/cotopaxi\/#organization"},"potentialAction":[{"@type":"SearchAction","target":{"@type":"EntryPoint","urlTemplate":"https:\/\/chugchilan.gob.ec\/cotopaxi\/?s={search_term_string}"},"query-input":{"@type":"PropertyValueSpecification","valueRequired":true,"valueName":"search_term_string"}}],"inLanguage":"es"},{"@type":"Organization","@id":"https:\/\/chugchilan.gob.ec\/cotopaxi\/#organization","name":"GAD Parroquial de Chugchil\u00e1n","url":"https:\/\/chugchilan.gob.ec\/cotopaxi\/","logo":{"@type":"ImageObject","inLanguage":"es","@id":"https:\/\/chugchilan.gob.ec\/cotopaxi\/#\/schema\/logo\/image\/","url":"https:\/\/chugchilan.gob.ec\/cotopaxi\/wp-content\/uploads\/2020\/06\/logoFooter.png","contentUrl":"https:\/\/chugchilan.gob.ec\/cotopaxi\/wp-content\/uploads\/2020\/06\/logoFooter.png","width":160,"height":156,"caption":"GAD Parroquial de Chugchil\u00e1n"},"image":{"@id":"https:\/\/chugchilan.gob.ec\/cotopaxi\/#\/schema\/logo\/image\/"}}]}},"_links":{"self":[{"href":"https:\/\/chugchilan.gob.ec\/cotopaxi\/wp-json\/wp\/v2\/pages\/671","targetHints":{"allow":["GET"]}}],"collection":[{"href":"https:\/\/chugchilan.gob.ec\/cotopaxi\/wp-json\/wp\/v2\/pages"}],"about":[{"href":"https:\/\/chugchilan.gob.ec\/cotopaxi\/wp-json\/wp\/v2\/types\/page"}],"author":[{"embeddable":true,"href":"https:\/\/chugchilan.gob.ec\/cotopaxi\/wp-json\/wp\/v2\/users\/2"}],"replies":[{"embeddable":true,"href":"https:\/\/chugchilan.gob.ec\/cotopaxi\/wp-json\/wp\/v2\/comments?post=671"}],"version-history":[{"count":30,"href":"https:\/\/chugchilan.gob.ec\/cotopaxi\/wp-json\/wp\/v2\/pages\/671\/revisions"}],"predecessor-version":[{"id":1660,"href":"https:\/\/chugchilan.gob.ec\/cotopaxi\/wp-json\/wp\/v2\/pages\/671\/revisions\/1660"}],"wp:attachment":[{"href":"https:\/\/chugchilan.gob.ec\/cotopaxi\/wp-json\/wp\/v2\/media?parent=671"}],"curies":[{"name":"wp","href":"https:\/\/api.w.org\/{rel}","templated":true}]}}